{"id":7032,"date":"2025-04-27T07:39:21","date_gmt":"2025-04-27T05:39:21","guid":{"rendered":"https:\/\/orient-kontor.com\/?post_type=product&#038;p=7032"},"modified":"2026-04-06T22:08:23","modified_gmt":"2026-04-06T20:08:23","slug":"kandiszucker-safran-nabat","status":"publish","type":"product","link":"https:\/\/orient-kontor.com\/fr\/shop\/kandiszucker-safran-nabat\/","title":{"rendered":"Sucre candi avec safran"},"content":{"rendered":"<p class=\"translation-block\">Le <strong>sucre candi au safran<\/strong> d\u2019Orient Kontor est bien plus qu\u2019un simple \u00e9dulcorant \u2013 c\u2019est <strong>un morceau de culture persane<\/strong>. Fabriqu\u00e9 dans la ville historique de Yazd, qui est depuis des si\u00e8cles r\u00e9put\u00e9e pour son art d\u00e9licat de la confiserie, il allie savoir-faire artisanal et ingr\u00e9dients de qualit\u00e9 sup\u00e9rieure.<\/p>\n<p class=\"translation-block\">La base est du sucre provenant des betteraves sucri\u00e8res iraniennes, transform\u00e9 en morceaux de candi dor\u00e9s par un processus lent de cristallisation. <strong>Raffin\u00e9 au safran<\/strong>, l\u2019une des \u00e9pices les plus nobles au monde, il en r\u00e9sulte un produit qui s\u00e9duit non seulement par sa couleur \u00e9clatante, mais aussi par son ar\u00f4me d\u00e9licat et floral-\u00e9pic\u00e9.<\/p>\n<p class=\"translation-block\">En Perse, le <strong>Nabat<\/strong> \u2013 comme on appelle le sucre candi l\u00e0-bas \u2013 fait partie int\u00e9grante de la <strong>culture du th\u00e9<\/strong>. Il n'est pas seulement utilis\u00e9 pour sucrer, mais aussi appr\u00e9ci\u00e9 pour ses propri\u00e9t\u00e9s r\u00e9chauffantes et apaisantes. Surtout en combinaison avec du th\u00e9 noir, le candi au safran d\u00e9ploie toute son efficacit\u00e9 et transforme chaque tasse en un moment de calme et de plaisir.<\/p>\n<p>Que ce soit comme accompagnement du th\u00e9, pour sublimer des desserts ou comme petit cadeau \u2013 le candi au safran apporte une touche de douceur orientale \u00e0 votre quotidien. Laissez-vous envo\u00fbter par sa saveur unique.<\/p>","protected":false},"excerpt":{"rendered":"<p><strong>Kandiszucker mit Safran <\/strong>ist eine<strong> traditionelle Spezialit\u00e4t aus Yazd <\/strong>\u2013 einer W\u00fcstenstadt im Herzen Irans, die f\u00fcr ihre jahrhundertealte Kunst der S\u00fc\u00dfwarenherstellung ber\u00fchmt ist. Hier trifft <strong>feine Handwerkskunst<\/strong> auf hochwertige Zutaten: Der Kandis wird langsam aus <strong>reinem Zucker<\/strong> kristallisiert und <strong>mit Safran veredelt<\/strong>. Dieser sorgt nicht nur f\u00fcr die charakteristische goldgelbe Farbe, sondern auch f\u00fcr ein feines, blumig-w\u00fcrziges Aroma. Ob als s\u00fc\u00dfer Begleiter zu Tee, als besondere Zutat oder zum puren Genuss \u2013 dieser Kandis steht f\u00fcr persische Gastfreundschaft, Genuss und einen Hauch von Orient in jedem Moment.<\/p>","protected":false},"featured_media":7145,"comment_status":"open","ping_status":"closed","template":"","meta":[],"product_brand":[],"product_cat":[141],"product_tag":[],"class_list":{"0":"post-7032","1":"product","2":"type-product","3":"status-publish","4":"has-post-thumbnail","6":"product_cat-kandis","8":"first","9":"instock","10":"shipping-taxable","11":"purchasable","12":"product-type-simple"},"yoast_head":"<!-- This site is optimized with the Yoast SEO plugin v27.4 - https:\/\/yoast.com\/product\/yoast-seo-wordpress\/ -->\n<title>Kandis mit Safran - Orient Kontor<\/title>\n<meta name=\"robots\" content=\"index, follow, max-snippet:-1, max-image-preview:large, max-video-preview:-1\" \/>\n<link rel=\"canonical\" href=\"https:\/\/orient-kontor.com\/fr\/shop\/kandiszucker-safran-nabat\/\" \/>\n<meta property=\"og:locale\" content=\"fr_FR\" \/>\n<meta property=\"og:type\" content=\"article\" \/>\n<meta property=\"og:title\" content=\"Kandis mit Safran - Orient Kontor\" \/>\n<meta property=\"og:description\" content=\"Kandiszucker mit Safran ist eine traditionelle Spezialit\u00e4t aus Yazd \u2013 einer W\u00fcstenstadt im Herzen Irans, die f\u00fcr ihre jahrhundertealte Kunst der S\u00fc\u00dfwarenherstellung ber\u00fchmt ist. Hier trifft feine Handwerkskunst auf hochwertige Zutaten: Der Kandis wird langsam aus reinem Zucker kristallisiert und mit Safran veredelt. Dieser sorgt nicht nur f\u00fcr die charakteristische goldgelbe Farbe, sondern auch f\u00fcr ein feines, blumig-w\u00fcrziges Aroma. Ob als s\u00fc\u00dfer Begleiter zu Tee, als besondere Zutat oder zum puren Genuss \u2013 dieser Kandis steht f\u00fcr persische Gastfreundschaft, Genuss und einen Hauch von Orient in jedem Moment.\" \/>\n<meta property=\"og:url\" content=\"https:\/\/orient-kontor.com\/fr\/shop\/kandiszucker-safran-nabat\/\" \/>\n<meta property=\"og:site_name\" content=\"Orient Kontor\" \/>\n<meta property=\"article:publisher\" content=\"https:\/\/www.facebook.com\/orientkontor\/\" \/>\n<meta property=\"article:modified_time\" content=\"2026-04-06T20:08:23+00:00\" \/>\n<meta property=\"og:image\" content=\"https:\/\/orient-kontor.com\/wp-content\/uploads\/2025\/04\/safrankandis.jpg\" \/>\n\t<meta property=\"og:image:width\" content=\"1226\" \/>\n\t<meta property=\"og:image:height\" content=\"1908\" \/>\n\t<meta property=\"og:image:type\" content=\"image\/jpeg\" \/>\n<meta name=\"twitter:card\" content=\"summary_large_image\" \/>\n<meta name=\"twitter:label1\" content=\"Dur\u00e9e de lecture estim\u00e9e\" \/>\n\t<meta name=\"twitter:data1\" content=\"1 minute\" \/>\n<script type=\"application\/ld+json\" class=\"yoast-schema-graph\">{\"@context\":\"https:\\\/\\\/schema.org\",\"@graph\":[{\"@type\":\"WebPage\",\"@id\":\"https:\\\/\\\/orient-kontor.com\\\/shop\\\/kandiszucker-safran-nabat\\\/\",\"url\":\"https:\\\/\\\/orient-kontor.com\\\/shop\\\/kandiszucker-safran-nabat\\\/\",\"name\":\"Kandis mit Safran - Orient Kontor\",\"isPartOf\":{\"@id\":\"https:\\\/\\\/orient-kontor.com\\\/#website\"},\"primaryImageOfPage\":{\"@id\":\"https:\\\/\\\/orient-kontor.com\\\/shop\\\/kandiszucker-safran-nabat\\\/#primaryimage\"},\"image\":{\"@id\":\"https:\\\/\\\/orient-kontor.com\\\/shop\\\/kandiszucker-safran-nabat\\\/#primaryimage\"},\"thumbnailUrl\":\"https:\\\/\\\/orient-kontor.com\\\/wp-content\\\/uploads\\\/2025\\\/04\\\/safrankandis.avif\",\"datePublished\":\"2025-04-27T05:39:21+00:00\",\"dateModified\":\"2026-04-06T20:08:23+00:00\",\"breadcrumb\":{\"@id\":\"https:\\\/\\\/orient-kontor.com\\\/shop\\\/kandiszucker-safran-nabat\\\/#breadcrumb\"},\"inLanguage\":\"fr-FR\",\"potentialAction\":[{\"@type\":\"ReadAction\",\"target\":[\"https:\\\/\\\/orient-kontor.com\\\/shop\\\/kandiszucker-safran-nabat\\\/\"]}]},{\"@type\":\"ImageObject\",\"inLanguage\":\"fr-FR\",\"@id\":\"https:\\\/\\\/orient-kontor.com\\\/shop\\\/kandiszucker-safran-nabat\\\/#primaryimage\",\"url\":\"https:\\\/\\\/orient-kontor.com\\\/wp-content\\\/uploads\\\/2025\\\/04\\\/safrankandis.avif\",\"contentUrl\":\"https:\\\/\\\/orient-kontor.com\\\/wp-content\\\/uploads\\\/2025\\\/04\\\/safrankandis.avif\",\"width\":1226,\"height\":1908},{\"@type\":\"BreadcrumbList\",\"@id\":\"https:\\\/\\\/orient-kontor.com\\\/shop\\\/kandiszucker-safran-nabat\\\/#breadcrumb\",\"itemListElement\":[{\"@type\":\"ListItem\",\"position\":1,\"name\":\"Startseite\",\"item\":\"https:\\\/\\\/orient-kontor.com\\\/\"},{\"@type\":\"ListItem\",\"position\":2,\"name\":\"Safran-Shop\",\"item\":\"https:\\\/\\\/orient-kontor.com\\\/shop\\\/\"},{\"@type\":\"ListItem\",\"position\":3,\"name\":\"Kandis mit Safran\"}]},{\"@type\":\"WebSite\",\"@id\":\"https:\\\/\\\/orient-kontor.com\\\/#website\",\"url\":\"https:\\\/\\\/orient-kontor.com\\\/\",\"name\":\"Orient Kontor\",\"description\":\"\",\"publisher\":{\"@id\":\"https:\\\/\\\/orient-kontor.com\\\/#organization\"},\"potentialAction\":[{\"@type\":\"SearchAction\",\"target\":{\"@type\":\"EntryPoint\",\"urlTemplate\":\"https:\\\/\\\/orient-kontor.com\\\/?s={search_term_string}\"},\"query-input\":{\"@type\":\"PropertyValueSpecification\",\"valueRequired\":true,\"valueName\":\"search_term_string\"}}],\"inLanguage\":\"fr-FR\"},{\"@type\":\"Organization\",\"@id\":\"https:\\\/\\\/orient-kontor.com\\\/#organization\",\"name\":\"Orient Kontor\",\"url\":\"https:\\\/\\\/orient-kontor.com\\\/\",\"logo\":{\"@type\":\"ImageObject\",\"inLanguage\":\"fr-FR\",\"@id\":\"https:\\\/\\\/orient-kontor.com\\\/#\\\/schema\\\/logo\\\/image\\\/\",\"url\":\"https:\\\/\\\/orient-kontor.com\\\/wp-content\\\/uploads\\\/2020\\\/08\\\/orient-kontor-logo.png\",\"contentUrl\":\"https:\\\/\\\/orient-kontor.com\\\/wp-content\\\/uploads\\\/2020\\\/08\\\/orient-kontor-logo.png\",\"width\":800,\"height\":302,\"caption\":\"Orient Kontor\"},\"image\":{\"@id\":\"https:\\\/\\\/orient-kontor.com\\\/#\\\/schema\\\/logo\\\/image\\\/\"},\"sameAs\":[\"https:\\\/\\\/www.facebook.com\\\/orientkontor\\\/\",\"https:\\\/\\\/www.instagram.com\\\/orient_kontor\\\/\"]}]}<\/script>\n<!-- \/ Yoast SEO plugin. -->","yoast_head_json":{"title":"Kandis mit Safran - Orient Kontor","robots":{"index":"index","follow":"follow","max-snippet":"max-snippet:-1","max-image-preview":"max-image-preview:large","max-video-preview":"max-video-preview:-1"},"canonical":"https:\/\/orient-kontor.com\/fr\/shop\/kandiszucker-safran-nabat\/","og_locale":"fr_FR","og_type":"article","og_title":"Kandis mit Safran - Orient Kontor","og_description":"Kandiszucker mit Safran ist eine traditionelle Spezialit\u00e4t aus Yazd \u2013 einer W\u00fcstenstadt im Herzen Irans, die f\u00fcr ihre jahrhundertealte Kunst der S\u00fc\u00dfwarenherstellung ber\u00fchmt ist. Hier trifft feine Handwerkskunst auf hochwertige Zutaten: Der Kandis wird langsam aus reinem Zucker kristallisiert und mit Safran veredelt. Dieser sorgt nicht nur f\u00fcr die charakteristische goldgelbe Farbe, sondern auch f\u00fcr ein feines, blumig-w\u00fcrziges Aroma. Ob als s\u00fc\u00dfer Begleiter zu Tee, als besondere Zutat oder zum puren Genuss \u2013 dieser Kandis steht f\u00fcr persische Gastfreundschaft, Genuss und einen Hauch von Orient in jedem Moment.","og_url":"https:\/\/orient-kontor.com\/fr\/shop\/kandiszucker-safran-nabat\/","og_site_name":"Orient Kontor","article_publisher":"https:\/\/www.facebook.com\/orientkontor\/","article_modified_time":"2026-04-06T20:08:23+00:00","og_image":[{"width":1226,"height":1908,"url":"https:\/\/orient-kontor.com\/wp-content\/uploads\/2025\/04\/safrankandis.jpg","type":"image\/jpeg"}],"twitter_card":"summary_large_image","twitter_misc":{"Dur\u00e9e de lecture estim\u00e9e":"1 minute"},"schema":{"@context":"https:\/\/schema.org","@graph":[{"@type":"WebPage","@id":"https:\/\/orient-kontor.com\/shop\/kandiszucker-safran-nabat\/","url":"https:\/\/orient-kontor.com\/shop\/kandiszucker-safran-nabat\/","name":"Kandis mit Safran - Orient Kontor","isPartOf":{"@id":"https:\/\/orient-kontor.com\/#website"},"primaryImageOfPage":{"@id":"https:\/\/orient-kontor.com\/shop\/kandiszucker-safran-nabat\/#primaryimage"},"image":{"@id":"https:\/\/orient-kontor.com\/shop\/kandiszucker-safran-nabat\/#primaryimage"},"thumbnailUrl":"https:\/\/orient-kontor.com\/wp-content\/uploads\/2025\/04\/safrankandis.avif","datePublished":"2025-04-27T05:39:21+00:00","dateModified":"2026-04-06T20:08:23+00:00","breadcrumb":{"@id":"https:\/\/orient-kontor.com\/shop\/kandiszucker-safran-nabat\/#breadcrumb"},"inLanguage":"fr-FR","potentialAction":[{"@type":"ReadAction","target":["https:\/\/orient-kontor.com\/shop\/kandiszucker-safran-nabat\/"]}]},{"@type":"ImageObject","inLanguage":"fr-FR","@id":"https:\/\/orient-kontor.com\/shop\/kandiszucker-safran-nabat\/#primaryimage","url":"https:\/\/orient-kontor.com\/wp-content\/uploads\/2025\/04\/safrankandis.avif","contentUrl":"https:\/\/orient-kontor.com\/wp-content\/uploads\/2025\/04\/safrankandis.avif","width":1226,"height":1908},{"@type":"BreadcrumbList","@id":"https:\/\/orient-kontor.com\/shop\/kandiszucker-safran-nabat\/#breadcrumb","itemListElement":[{"@type":"ListItem","position":1,"name":"Startseite","item":"https:\/\/orient-kontor.com\/"},{"@type":"ListItem","position":2,"name":"Safran-Shop","item":"https:\/\/orient-kontor.com\/shop\/"},{"@type":"ListItem","position":3,"name":"Kandis mit Safran"}]},{"@type":"WebSite","@id":"https:\/\/orient-kontor.com\/#website","url":"https:\/\/orient-kontor.com\/","name":"Orient Kontor","description":"","publisher":{"@id":"https:\/\/orient-kontor.com\/#organization"},"potentialAction":[{"@type":"SearchAction","target":{"@type":"EntryPoint","urlTemplate":"https:\/\/orient-kontor.com\/?s={search_term_string}"},"query-input":{"@type":"PropertyValueSpecification","valueRequired":true,"valueName":"search_term_string"}}],"inLanguage":"fr-FR"},{"@type":"Organization","@id":"https:\/\/orient-kontor.com\/#organization","name":"Orient Kontor","url":"https:\/\/orient-kontor.com\/","logo":{"@type":"ImageObject","inLanguage":"fr-FR","@id":"https:\/\/orient-kontor.com\/#\/schema\/logo\/image\/","url":"https:\/\/orient-kontor.com\/wp-content\/uploads\/2020\/08\/orient-kontor-logo.png","contentUrl":"https:\/\/orient-kontor.com\/wp-content\/uploads\/2020\/08\/orient-kontor-logo.png","width":800,"height":302,"caption":"Orient Kontor"},"image":{"@id":"https:\/\/orient-kontor.com\/#\/schema\/logo\/image\/"},"sameAs":["https:\/\/www.facebook.com\/orientkontor\/","https:\/\/www.instagram.com\/orient_kontor\/"]}]}},"_links":{"self":[{"href":"https:\/\/orient-kontor.com\/fr\/wp-json\/wp\/v2\/product\/7032","targetHints":{"allow":["GET"]}}],"collection":[{"href":"https:\/\/orient-kontor.com\/fr\/wp-json\/wp\/v2\/product"}],"about":[{"href":"https:\/\/orient-kontor.com\/fr\/wp-json\/wp\/v2\/types\/product"}],"replies":[{"embeddable":true,"href":"https:\/\/orient-kontor.com\/fr\/wp-json\/wp\/v2\/comments?post=7032"}],"version-history":[{"count":0,"href":"https:\/\/orient-kontor.com\/fr\/wp-json\/wp\/v2\/product\/7032\/revisions"}],"wp:featuredmedia":[{"embeddable":true,"href":"https:\/\/orient-kontor.com\/fr\/wp-json\/wp\/v2\/media\/7145"}],"wp:attachment":[{"href":"https:\/\/orient-kontor.com\/fr\/wp-json\/wp\/v2\/media?parent=7032"}],"wp:term":[{"taxonomy":"product_brand","embeddable":true,"href":"https:\/\/orient-kontor.com\/fr\/wp-json\/wp\/v2\/product_brand?post=7032"},{"taxonomy":"product_cat","embeddable":true,"href":"https:\/\/orient-kontor.com\/fr\/wp-json\/wp\/v2\/product_cat?post=7032"},{"taxonomy":"product_tag","embeddable":true,"href":"https:\/\/orient-kontor.com\/fr\/wp-json\/wp\/v2\/product_tag?post=7032"}],"curies":[{"name":"wp","href":"https:\/\/api.w.org\/{rel}","templated":true}]}}