{"id":6126,"date":"2024-08-06T14:26:37","date_gmt":"2024-08-06T12:26:37","guid":{"rendered":"https:\/\/orient-kontor.com\/?post_type=product&#038;p=6126"},"modified":"2025-04-13T18:50:39","modified_gmt":"2025-04-13T16:50:39","slug":"teefilterbeutel-leer-zum-befuellen","status":"publish","type":"product","link":"https:\/\/orient-kontor.com\/fr\/shop\/teefilterbeutel-leer-zum-befuellen\/","title":{"rendered":"Sachets filtres \u00e0 th\u00e9 pour th\u00e9 en vrac"},"content":{"rendered":"<p>Nos <strong>sachets de th\u00e9 biod\u00e9gradables et recyclables<\/strong> sont id\u00e9aux pour le th\u00e9 en vrac, qu\u2019il soit fin ou grossier. Non blanchis et sans chlore, ils pr\u00e9servent la puret\u00e9 du go\u00fbt sans lib\u00e9rer d\u2019ar\u00f4mes ind\u00e9sirables. Gr\u00e2ce \u00e0 leur cordon de serrage pratique, ils sont faciles \u00e0 remplir et \u00e0 refermer en toute s\u00e9curit\u00e9. Une fois l\u2019infusion termin\u00e9e, le sachet se retire sans effort. Ces sachets respectueux de l\u2019environnement sont enti\u00e8rement compostables, et leur emballage est fabriqu\u00e9 \u00e0 partir de mat\u00e9riaux durables. Profitez de votre th\u00e9 en toute conscience \u2014 et faites un geste pour la plan\u00e8te !<\/p>\n<p>\ud83c\udf75 <strong>Neutres en go\u00fbt :<\/strong> Nos sachets de th\u00e9 sont non blanchis et sans chlore, afin que vous puissiez savourer le go\u00fbt pur de votre th\u00e9, sans alt\u00e9ration. Ils sont 100\u202f% neutres en go\u00fbt et ne modifient en rien les ar\u00f4mes du th\u00e9.<\/p>\n<p>\ud83d\udc4d <strong>Cordon de serrage :<\/strong> Gr\u00e2ce \u00e0 leur cordon de serrage pratique, nos sachets de th\u00e9 jetables sont tr\u00e8s faciles \u00e0 remplir et \u00e0 fermer.\nIl vous suffit d\u2019y verser votre th\u00e9, de tirer sur le cordon, puis de le plonger dans votre tasse ou votre th\u00e9i\u00e8re. Apr\u00e8s l\u2019infusion, vous pouvez retirer le sachet facilement en tirant simplement sur le cordon.<\/p>","protected":false},"excerpt":{"rendered":"<p>Nos sachets de th\u00e9 biod\u00e9gradables sont parfaits pour le th\u00e9 en vrac. Ils sont neutres en go\u00fbt, non blanchis et sans chlore, ce qui permet de pr\u00e9server la saveur pure du th\u00e9. Gr\u00e2ce \u00e0 leur cordon de serrage pratique, ils sont faciles \u00e0 remplir, \u00e0 refermer et \u00e0 retirer apr\u00e8s l\u2019infusion, sans effort. Durables et respectueux de l\u2019environnement !<\/p>","protected":false},"featured_media":6139,"comment_status":"closed","ping_status":"closed","template":"","meta":[],"product_brand":[],"product_cat":[88],"product_tag":[],"class_list":{"0":"post-6126","1":"product","2":"type-product","3":"status-publish","4":"has-post-thumbnail","6":"product_cat-zubehoer","7":"product_shipping_class-klein","9":"first","10":"instock","11":"shipping-taxable","12":"purchasable","13":"product-type-variable","14":"has-default-attributes"},"yoast_head":"<!-- This site is optimized with the Yoast SEO plugin v27.4 - https:\/\/yoast.com\/product\/yoast-seo-wordpress\/ -->\n<title>Teefilterbeutel f\u00fcr losen Tee - Orient Kontor<\/title>\n<meta name=\"robots\" content=\"index, follow, max-snippet:-1, max-image-preview:large, max-video-preview:-1\" \/>\n<link rel=\"canonical\" href=\"https:\/\/orient-kontor.com\/fr\/shop\/teefilterbeutel-leer-zum-befuellen\/\" \/>\n<meta property=\"og:locale\" content=\"fr_FR\" \/>\n<meta property=\"og:type\" content=\"article\" \/>\n<meta property=\"og:title\" content=\"Teefilterbeutel f\u00fcr losen Tee - Orient Kontor\" \/>\n<meta property=\"og:description\" content=\"Unsere biologisch abbaubaren Teebeutel sind perfekt f\u00fcr losen Tee. Sie sind geschmacksneutral, ungebleicht und chlorfrei, sodass der reine Teegeschmack erhalten bleibt. Dank des praktischen Kordelzugs lassen sie sich einfach f\u00fcllen, verschlie\u00dfen und nach dem Aufbr\u00fchen m\u00fchelos entfernen. Nachhaltig und umweltfreundlich!\" \/>\n<meta property=\"og:url\" content=\"https:\/\/orient-kontor.com\/fr\/shop\/teefilterbeutel-leer-zum-befuellen\/\" \/>\n<meta property=\"og:site_name\" content=\"Orient Kontor\" \/>\n<meta property=\"article:publisher\" content=\"https:\/\/www.facebook.com\/orientkontor\/\" \/>\n<meta property=\"article:modified_time\" content=\"2025-04-13T16:50:39+00:00\" \/>\n<meta property=\"og:image\" content=\"https:\/\/orient-kontor.com\/wp-content\/uploads\/2024\/08\/teefilterbeutel_orientkontor.jpg\" \/>\n\t<meta property=\"og:image:width\" content=\"800\" \/>\n\t<meta property=\"og:image:height\" content=\"1100\" \/>\n\t<meta property=\"og:image:type\" content=\"image\/jpeg\" \/>\n<meta name=\"twitter:card\" content=\"summary_large_image\" \/>\n<meta name=\"twitter:label1\" content=\"Dur\u00e9e de lecture estim\u00e9e\" \/>\n\t<meta name=\"twitter:data1\" content=\"1 minute\" \/>\n<script type=\"application\/ld+json\" class=\"yoast-schema-graph\">{\"@context\":\"https:\\\/\\\/schema.org\",\"@graph\":[{\"@type\":\"WebPage\",\"@id\":\"https:\\\/\\\/orient-kontor.com\\\/shop\\\/teefilterbeutel-leer-zum-befuellen\\\/\",\"url\":\"https:\\\/\\\/orient-kontor.com\\\/shop\\\/teefilterbeutel-leer-zum-befuellen\\\/\",\"name\":\"Teefilterbeutel f\u00fcr losen Tee - Orient Kontor\",\"isPartOf\":{\"@id\":\"https:\\\/\\\/orient-kontor.com\\\/#website\"},\"primaryImageOfPage\":{\"@id\":\"https:\\\/\\\/orient-kontor.com\\\/shop\\\/teefilterbeutel-leer-zum-befuellen\\\/#primaryimage\"},\"image\":{\"@id\":\"https:\\\/\\\/orient-kontor.com\\\/shop\\\/teefilterbeutel-leer-zum-befuellen\\\/#primaryimage\"},\"thumbnailUrl\":\"https:\\\/\\\/orient-kontor.com\\\/wp-content\\\/uploads\\\/2024\\\/08\\\/teefilterbeutel_orientkontor.avif\",\"datePublished\":\"2024-08-06T12:26:37+00:00\",\"dateModified\":\"2025-04-13T16:50:39+00:00\",\"breadcrumb\":{\"@id\":\"https:\\\/\\\/orient-kontor.com\\\/shop\\\/teefilterbeutel-leer-zum-befuellen\\\/#breadcrumb\"},\"inLanguage\":\"fr-FR\",\"potentialAction\":[{\"@type\":\"ReadAction\",\"target\":[\"https:\\\/\\\/orient-kontor.com\\\/shop\\\/teefilterbeutel-leer-zum-befuellen\\\/\"]}]},{\"@type\":\"ImageObject\",\"inLanguage\":\"fr-FR\",\"@id\":\"https:\\\/\\\/orient-kontor.com\\\/shop\\\/teefilterbeutel-leer-zum-befuellen\\\/#primaryimage\",\"url\":\"https:\\\/\\\/orient-kontor.com\\\/wp-content\\\/uploads\\\/2024\\\/08\\\/teefilterbeutel_orientkontor.avif\",\"contentUrl\":\"https:\\\/\\\/orient-kontor.com\\\/wp-content\\\/uploads\\\/2024\\\/08\\\/teefilterbeutel_orientkontor.avif\",\"width\":800,\"height\":1100},{\"@type\":\"BreadcrumbList\",\"@id\":\"https:\\\/\\\/orient-kontor.com\\\/shop\\\/teefilterbeutel-leer-zum-befuellen\\\/#breadcrumb\",\"itemListElement\":[{\"@type\":\"ListItem\",\"position\":1,\"name\":\"Startseite\",\"item\":\"https:\\\/\\\/orient-kontor.com\\\/\"},{\"@type\":\"ListItem\",\"position\":2,\"name\":\"Safran-Shop\",\"item\":\"https:\\\/\\\/orient-kontor.com\\\/shop\\\/\"},{\"@type\":\"ListItem\",\"position\":3,\"name\":\"Teefilterbeutel f\u00fcr losen Tee\"}]},{\"@type\":\"WebSite\",\"@id\":\"https:\\\/\\\/orient-kontor.com\\\/#website\",\"url\":\"https:\\\/\\\/orient-kontor.com\\\/\",\"name\":\"Orient Kontor\",\"description\":\"\",\"publisher\":{\"@id\":\"https:\\\/\\\/orient-kontor.com\\\/#organization\"},\"potentialAction\":[{\"@type\":\"SearchAction\",\"target\":{\"@type\":\"EntryPoint\",\"urlTemplate\":\"https:\\\/\\\/orient-kontor.com\\\/?s={search_term_string}\"},\"query-input\":{\"@type\":\"PropertyValueSpecification\",\"valueRequired\":true,\"valueName\":\"search_term_string\"}}],\"inLanguage\":\"fr-FR\"},{\"@type\":\"Organization\",\"@id\":\"https:\\\/\\\/orient-kontor.com\\\/#organization\",\"name\":\"Orient Kontor\",\"url\":\"https:\\\/\\\/orient-kontor.com\\\/\",\"logo\":{\"@type\":\"ImageObject\",\"inLanguage\":\"fr-FR\",\"@id\":\"https:\\\/\\\/orient-kontor.com\\\/#\\\/schema\\\/logo\\\/image\\\/\",\"url\":\"https:\\\/\\\/orient-kontor.com\\\/wp-content\\\/uploads\\\/2020\\\/08\\\/orient-kontor-logo.png\",\"contentUrl\":\"https:\\\/\\\/orient-kontor.com\\\/wp-content\\\/uploads\\\/2020\\\/08\\\/orient-kontor-logo.png\",\"width\":800,\"height\":302,\"caption\":\"Orient Kontor\"},\"image\":{\"@id\":\"https:\\\/\\\/orient-kontor.com\\\/#\\\/schema\\\/logo\\\/image\\\/\"},\"sameAs\":[\"https:\\\/\\\/www.facebook.com\\\/orientkontor\\\/\",\"https:\\\/\\\/www.instagram.com\\\/orient_kontor\\\/\"]}]}<\/script>\n<!-- \/ Yoast SEO plugin. -->","yoast_head_json":{"title":"Teefilterbeutel f\u00fcr losen Tee - Orient Kontor","robots":{"index":"index","follow":"follow","max-snippet":"max-snippet:-1","max-image-preview":"max-image-preview:large","max-video-preview":"max-video-preview:-1"},"canonical":"https:\/\/orient-kontor.com\/fr\/shop\/teefilterbeutel-leer-zum-befuellen\/","og_locale":"fr_FR","og_type":"article","og_title":"Teefilterbeutel f\u00fcr losen Tee - Orient Kontor","og_description":"Unsere biologisch abbaubaren Teebeutel sind perfekt f\u00fcr losen Tee. Sie sind geschmacksneutral, ungebleicht und chlorfrei, sodass der reine Teegeschmack erhalten bleibt. Dank des praktischen Kordelzugs lassen sie sich einfach f\u00fcllen, verschlie\u00dfen und nach dem Aufbr\u00fchen m\u00fchelos entfernen. Nachhaltig und umweltfreundlich!","og_url":"https:\/\/orient-kontor.com\/fr\/shop\/teefilterbeutel-leer-zum-befuellen\/","og_site_name":"Orient Kontor","article_publisher":"https:\/\/www.facebook.com\/orientkontor\/","article_modified_time":"2025-04-13T16:50:39+00:00","og_image":[{"width":800,"height":1100,"url":"https:\/\/orient-kontor.com\/wp-content\/uploads\/2024\/08\/teefilterbeutel_orientkontor.jpg","type":"image\/jpeg"}],"twitter_card":"summary_large_image","twitter_misc":{"Dur\u00e9e de lecture estim\u00e9e":"1 minute"},"schema":{"@context":"https:\/\/schema.org","@graph":[{"@type":"WebPage","@id":"https:\/\/orient-kontor.com\/shop\/teefilterbeutel-leer-zum-befuellen\/","url":"https:\/\/orient-kontor.com\/shop\/teefilterbeutel-leer-zum-befuellen\/","name":"Teefilterbeutel f\u00fcr losen Tee - Orient Kontor","isPartOf":{"@id":"https:\/\/orient-kontor.com\/#website"},"primaryImageOfPage":{"@id":"https:\/\/orient-kontor.com\/shop\/teefilterbeutel-leer-zum-befuellen\/#primaryimage"},"image":{"@id":"https:\/\/orient-kontor.com\/shop\/teefilterbeutel-leer-zum-befuellen\/#primaryimage"},"thumbnailUrl":"https:\/\/orient-kontor.com\/wp-content\/uploads\/2024\/08\/teefilterbeutel_orientkontor.avif","datePublished":"2024-08-06T12:26:37+00:00","dateModified":"2025-04-13T16:50:39+00:00","breadcrumb":{"@id":"https:\/\/orient-kontor.com\/shop\/teefilterbeutel-leer-zum-befuellen\/#breadcrumb"},"inLanguage":"fr-FR","potentialAction":[{"@type":"ReadAction","target":["https:\/\/orient-kontor.com\/shop\/teefilterbeutel-leer-zum-befuellen\/"]}]},{"@type":"ImageObject","inLanguage":"fr-FR","@id":"https:\/\/orient-kontor.com\/shop\/teefilterbeutel-leer-zum-befuellen\/#primaryimage","url":"https:\/\/orient-kontor.com\/wp-content\/uploads\/2024\/08\/teefilterbeutel_orientkontor.avif","contentUrl":"https:\/\/orient-kontor.com\/wp-content\/uploads\/2024\/08\/teefilterbeutel_orientkontor.avif","width":800,"height":1100},{"@type":"BreadcrumbList","@id":"https:\/\/orient-kontor.com\/shop\/teefilterbeutel-leer-zum-befuellen\/#breadcrumb","itemListElement":[{"@type":"ListItem","position":1,"name":"Startseite","item":"https:\/\/orient-kontor.com\/"},{"@type":"ListItem","position":2,"name":"Safran-Shop","item":"https:\/\/orient-kontor.com\/shop\/"},{"@type":"ListItem","position":3,"name":"Teefilterbeutel f\u00fcr losen Tee"}]},{"@type":"WebSite","@id":"https:\/\/orient-kontor.com\/#website","url":"https:\/\/orient-kontor.com\/","name":"Orient Kontor","description":"","publisher":{"@id":"https:\/\/orient-kontor.com\/#organization"},"potentialAction":[{"@type":"SearchAction","target":{"@type":"EntryPoint","urlTemplate":"https:\/\/orient-kontor.com\/?s={search_term_string}"},"query-input":{"@type":"PropertyValueSpecification","valueRequired":true,"valueName":"search_term_string"}}],"inLanguage":"fr-FR"},{"@type":"Organization","@id":"https:\/\/orient-kontor.com\/#organization","name":"Orient Kontor","url":"https:\/\/orient-kontor.com\/","logo":{"@type":"ImageObject","inLanguage":"fr-FR","@id":"https:\/\/orient-kontor.com\/#\/schema\/logo\/image\/","url":"https:\/\/orient-kontor.com\/wp-content\/uploads\/2020\/08\/orient-kontor-logo.png","contentUrl":"https:\/\/orient-kontor.com\/wp-content\/uploads\/2020\/08\/orient-kontor-logo.png","width":800,"height":302,"caption":"Orient Kontor"},"image":{"@id":"https:\/\/orient-kontor.com\/#\/schema\/logo\/image\/"},"sameAs":["https:\/\/www.facebook.com\/orientkontor\/","https:\/\/www.instagram.com\/orient_kontor\/"]}]}},"_links":{"self":[{"href":"https:\/\/orient-kontor.com\/fr\/wp-json\/wp\/v2\/product\/6126","targetHints":{"allow":["GET"]}}],"collection":[{"href":"https:\/\/orient-kontor.com\/fr\/wp-json\/wp\/v2\/product"}],"about":[{"href":"https:\/\/orient-kontor.com\/fr\/wp-json\/wp\/v2\/types\/product"}],"replies":[{"embeddable":true,"href":"https:\/\/orient-kontor.com\/fr\/wp-json\/wp\/v2\/comments?post=6126"}],"version-history":[{"count":0,"href":"https:\/\/orient-kontor.com\/fr\/wp-json\/wp\/v2\/product\/6126\/revisions"}],"wp:featuredmedia":[{"embeddable":true,"href":"https:\/\/orient-kontor.com\/fr\/wp-json\/wp\/v2\/media\/6139"}],"wp:attachment":[{"href":"https:\/\/orient-kontor.com\/fr\/wp-json\/wp\/v2\/media?parent=6126"}],"wp:term":[{"taxonomy":"product_brand","embeddable":true,"href":"https:\/\/orient-kontor.com\/fr\/wp-json\/wp\/v2\/product_brand?post=6126"},{"taxonomy":"product_cat","embeddable":true,"href":"https:\/\/orient-kontor.com\/fr\/wp-json\/wp\/v2\/product_cat?post=6126"},{"taxonomy":"product_tag","embeddable":true,"href":"https:\/\/orient-kontor.com\/fr\/wp-json\/wp\/v2\/product_tag?post=6126"}],"curies":[{"name":"wp","href":"https:\/\/api.w.org\/{rel}","templated":true}]}}