{"id":4725,"date":"2022-12-18T17:01:03","date_gmt":"2022-12-18T16:01:03","guid":{"rendered":"https:\/\/orient-kontor.com\/?post_type=product&#038;p=4725"},"modified":"2026-03-06T09:23:23","modified_gmt":"2026-03-06T08:23:23","slug":"schwarzer-tee-mit-orangenblueten","status":"publish","type":"product","link":"https:\/\/orient-kontor.com\/fr\/shop\/schwarzer-tee-mit-orangenblueten\/","title":{"rendered":"Th\u00e9 noir \u00e0 la fleur d'oranger"},"content":{"rendered":"<p>Le <strong><em>Th\u00e9 noir<\/em><\/strong> d'Orient Kontor se distingue par son ar\u00f4me d\u00e9licat et sa grande qualit\u00e9. Le th\u00e9 persan est consid\u00e9r\u00e9 comme l\u2019un des th\u00e9s les plus raffin\u00e9s au monde. Gr\u00e2ce \u00e0 sa faible teneur en tanins et en caf\u00e9ine, il est particuli\u00e8rement digeste et ne devient pas amer, m\u00eame apr\u00e8s une infusion prolong\u00e9e.<\/p>\n<p>La <strong>qualit\u00e9 sup\u00e9rieure<\/strong> de notre th\u00e9 est li\u00e9e aux conditions de culture particuli\u00e8res. Le <em>Th\u00e9 noir<\/em> d'Orient Kontor provient du nord de l'Iran. C'est l\u00e0, au bord de la mer Caspienne, pr\u00e8s de Lahijan, qu'il est cultiv\u00e9 par de petits paysans, r\u00e9colt\u00e9 \u00e0 la main et s\u00e9ch\u00e9 d\u00e9licatement au soleil. Le climat et les temp\u00e9ratures du nord de l'Iran se pr\u00eatent parfaitement \u00e0 la culture du th\u00e9. Celle-ci y est pratiqu\u00e9e avec succ\u00e8s depuis le 19e si\u00e8cle, au point que la r\u00e9gion est surnomm\u00e9e le tapis vert d'Iran. Les conditions de culture, ainsi que les techniques traditionnelles de r\u00e9colte et de transformation utilis\u00e9es par les agriculteurs, garantissent un produit unique.<\/p>\n<p><em>Le Th\u00e9 noir<\/em> est plus qu'une boisson en Iran. Il est synonyme de <strong>Convivialit\u00e9 et hospitalit\u00e9<\/strong> et fait partie de l'identit\u00e9 culturelle. La consommation de th\u00e9 a sa place dans la vie quotidienne et commence d\u00e8s le matin, lorsque le samovar (une chaudi\u00e8re sp\u00e9ciale pour la pr\u00e9paration du th\u00e9) est pr\u00e9par\u00e9 pour la journ\u00e9e et que le th\u00e9 est mis \u00e0 infuser. Souvent, celui-ci est agr\u00e9ment\u00e9 de diff\u00e9rentes \u00e9pices - chaque famille a ses propres pr\u00e9f\u00e9rences. <strong>Les fleurs d'oranger sont souvent ajout\u00e9es au th\u00e9<\/strong>, car elles sont r\u00e9put\u00e9es pour <strong>leurs effets apaisants et \u00e9quilibrants<\/strong> Laissez-vous surprendre par son ar\u00f4me citrique et \u00e2pre. N'h\u00e9sitez pas \u00e0 go\u00fbter nos autres vari\u00e9t\u00e9s.<\/p>\n<p>Offrir du th\u00e9 fait partie int\u00e9grante des rituels d\u2019accueil en Iran. Servir le th\u00e9 \u00e0 l\u2019arriv\u00e9e, apr\u00e8s le repas ou juste avant le d\u00e9part est un geste essentiel, destin\u00e9 \u00e0 transmettre aux invit\u00e9s un v\u00e9ritable sentiment de bienvenue et d\u2019hospitalit\u00e9.<\/p>\n<p>Offrez-vous <em>Th\u00e9 noir<\/em> d'Orient Kontor, la culture du th\u00e9 persan \u00e0 la maison. Savourez un go\u00fbt unique et <strong>red\u00e9couvrez le th\u00e9 noir sous un nouveau jour<\/strong>: subtilement amer, floral et pourtant cors\u00e9. <strong>Les fleurs d\u2019oranger sont un merveilleux compl\u00e9ment qui viennent parfaire votre moment de d\u00e9gustation<\/strong>.<\/p>","protected":false},"excerpt":{"rendered":"<p>Plongez dans la culture unique du th\u00e9 persan ! Savourez l'ar\u00f4me particulier du th\u00e9 noir iranien, qui est naturellement pauvre en tanins et en caf\u00e9ine. Nous vendons exclusivement du <em>Th\u00e9 noir<\/em> du nord de l'Iran, cultiv\u00e9 dans de petites structures paysannes et r\u00e9colt\u00e9 \u00e0 la main. Gr\u00e2ce \u00e0 l'ajout de fleurs d'oranger, vous obtenez un th\u00e9 de grande qualit\u00e9 qui se caract\u00e9rise par un go\u00fbt exceptionnel.<\/p>","protected":false},"featured_media":4726,"comment_status":"open","ping_status":"closed","template":"","meta":[],"product_brand":[],"product_cat":[81],"product_tag":[],"class_list":{"0":"post-4725","1":"product","2":"type-product","3":"status-publish","4":"has-post-thumbnail","6":"product_cat-tee","8":"first","9":"instock","10":"shipping-taxable","11":"purchasable","12":"product-type-variable","13":"has-default-attributes"},"yoast_head":"<!-- This site is optimized with the Yoast SEO plugin v27.3 - https:\/\/yoast.com\/product\/yoast-seo-wordpress\/ -->\n<title>Schwarzer Tee mit Orangenbl\u00fcten - Orient Kontor<\/title>\n<meta name=\"robots\" content=\"index, follow, max-snippet:-1, max-image-preview:large, max-video-preview:-1\" \/>\n<link rel=\"canonical\" href=\"https:\/\/orient-kontor.com\/fr\/shop\/schwarzer-tee-mit-orangenblueten\/\" \/>\n<meta property=\"og:locale\" content=\"fr_FR\" \/>\n<meta property=\"og:type\" content=\"article\" \/>\n<meta property=\"og:title\" content=\"Schwarzer Tee mit Orangenbl\u00fcten - Orient Kontor\" \/>\n<meta property=\"og:description\" content=\"Tauchen Sie in die einzigartige persische Teekultur ein! Genie\u00dfen Sie das besondere Aroma des iranischen Schwarztees, welcher von Natur aus arm an Gerbstoffen und Koffein ist. Wir verkaufen ausschlie\u00dflich Schwarzen Tee aus dem Nordiran, der in kleinb\u00e4uerlichen Strukturen angebaut und von Hand geerntet wird. Durch den Zusatz der Orangenbl\u00fcten erhalten Sie ein hochwertiges Teeerlebnis, das sich durch einen au\u00dfergew\u00f6hnlichen Geschmack auszeichnet.\" \/>\n<meta property=\"og:url\" content=\"https:\/\/orient-kontor.com\/fr\/shop\/schwarzer-tee-mit-orangenblueten\/\" \/>\n<meta property=\"og:site_name\" content=\"Orient Kontor\" \/>\n<meta property=\"article:publisher\" content=\"https:\/\/www.facebook.com\/orientkontor\/\" \/>\n<meta property=\"article:modified_time\" content=\"2026-03-06T08:23:23+00:00\" \/>\n<meta property=\"og:image\" content=\"https:\/\/orient-kontor.com\/wp-content\/uploads\/2022\/12\/Tee_Orange_Verpackung-641x1024.png\" \/>\n\t<meta property=\"og:image:width\" content=\"641\" \/>\n\t<meta property=\"og:image:height\" content=\"1024\" \/>\n\t<meta property=\"og:image:type\" content=\"image\/png\" \/>\n<meta name=\"twitter:card\" content=\"summary_large_image\" \/>\n<meta name=\"twitter:label1\" content=\"Dur\u00e9e de lecture estim\u00e9e\" \/>\n\t<meta name=\"twitter:data1\" content=\"2 minutes\" \/>\n<script type=\"application\/ld+json\" class=\"yoast-schema-graph\">{\"@context\":\"https:\\\/\\\/schema.org\",\"@graph\":[{\"@type\":\"WebPage\",\"@id\":\"https:\\\/\\\/orient-kontor.com\\\/shop\\\/schwarzer-tee-mit-orangenblueten\\\/\",\"url\":\"https:\\\/\\\/orient-kontor.com\\\/shop\\\/schwarzer-tee-mit-orangenblueten\\\/\",\"name\":\"Schwarzer Tee mit Orangenbl\u00fcten - Orient Kontor\",\"isPartOf\":{\"@id\":\"https:\\\/\\\/orient-kontor.com\\\/#website\"},\"primaryImageOfPage\":{\"@id\":\"https:\\\/\\\/orient-kontor.com\\\/shop\\\/schwarzer-tee-mit-orangenblueten\\\/#primaryimage\"},\"image\":{\"@id\":\"https:\\\/\\\/orient-kontor.com\\\/shop\\\/schwarzer-tee-mit-orangenblueten\\\/#primaryimage\"},\"thumbnailUrl\":\"https:\\\/\\\/orient-kontor.com\\\/wp-content\\\/uploads\\\/2022\\\/12\\\/Tee_Orange_Verpackung.avif\",\"datePublished\":\"2022-12-18T16:01:03+00:00\",\"dateModified\":\"2026-03-06T08:23:23+00:00\",\"breadcrumb\":{\"@id\":\"https:\\\/\\\/orient-kontor.com\\\/shop\\\/schwarzer-tee-mit-orangenblueten\\\/#breadcrumb\"},\"inLanguage\":\"fr-FR\",\"potentialAction\":[{\"@type\":\"ReadAction\",\"target\":[\"https:\\\/\\\/orient-kontor.com\\\/shop\\\/schwarzer-tee-mit-orangenblueten\\\/\"]}]},{\"@type\":\"ImageObject\",\"inLanguage\":\"fr-FR\",\"@id\":\"https:\\\/\\\/orient-kontor.com\\\/shop\\\/schwarzer-tee-mit-orangenblueten\\\/#primaryimage\",\"url\":\"https:\\\/\\\/orient-kontor.com\\\/wp-content\\\/uploads\\\/2022\\\/12\\\/Tee_Orange_Verpackung.avif\",\"contentUrl\":\"https:\\\/\\\/orient-kontor.com\\\/wp-content\\\/uploads\\\/2022\\\/12\\\/Tee_Orange_Verpackung.avif\",\"width\":1281,\"height\":2048},{\"@type\":\"BreadcrumbList\",\"@id\":\"https:\\\/\\\/orient-kontor.com\\\/shop\\\/schwarzer-tee-mit-orangenblueten\\\/#breadcrumb\",\"itemListElement\":[{\"@type\":\"ListItem\",\"position\":1,\"name\":\"Startseite\",\"item\":\"https:\\\/\\\/orient-kontor.com\\\/\"},{\"@type\":\"ListItem\",\"position\":2,\"name\":\"Safran-Shop\",\"item\":\"https:\\\/\\\/orient-kontor.com\\\/shop\\\/\"},{\"@type\":\"ListItem\",\"position\":3,\"name\":\"Schwarzer Tee mit Orangenbl\u00fcten\"}]},{\"@type\":\"WebSite\",\"@id\":\"https:\\\/\\\/orient-kontor.com\\\/#website\",\"url\":\"https:\\\/\\\/orient-kontor.com\\\/\",\"name\":\"Orient Kontor\",\"description\":\"\",\"publisher\":{\"@id\":\"https:\\\/\\\/orient-kontor.com\\\/#organization\"},\"potentialAction\":[{\"@type\":\"SearchAction\",\"target\":{\"@type\":\"EntryPoint\",\"urlTemplate\":\"https:\\\/\\\/orient-kontor.com\\\/?s={search_term_string}\"},\"query-input\":{\"@type\":\"PropertyValueSpecification\",\"valueRequired\":true,\"valueName\":\"search_term_string\"}}],\"inLanguage\":\"fr-FR\"},{\"@type\":\"Organization\",\"@id\":\"https:\\\/\\\/orient-kontor.com\\\/#organization\",\"name\":\"Orient Kontor\",\"url\":\"https:\\\/\\\/orient-kontor.com\\\/\",\"logo\":{\"@type\":\"ImageObject\",\"inLanguage\":\"fr-FR\",\"@id\":\"https:\\\/\\\/orient-kontor.com\\\/#\\\/schema\\\/logo\\\/image\\\/\",\"url\":\"https:\\\/\\\/orient-kontor.com\\\/wp-content\\\/uploads\\\/2020\\\/08\\\/orient-kontor-logo.png\",\"contentUrl\":\"https:\\\/\\\/orient-kontor.com\\\/wp-content\\\/uploads\\\/2020\\\/08\\\/orient-kontor-logo.png\",\"width\":800,\"height\":302,\"caption\":\"Orient Kontor\"},\"image\":{\"@id\":\"https:\\\/\\\/orient-kontor.com\\\/#\\\/schema\\\/logo\\\/image\\\/\"},\"sameAs\":[\"https:\\\/\\\/www.facebook.com\\\/orientkontor\\\/\",\"https:\\\/\\\/www.instagram.com\\\/orient_kontor\\\/\"]}]}<\/script>\n<!-- \/ Yoast SEO plugin. -->","yoast_head_json":{"title":"Schwarzer Tee mit Orangenbl\u00fcten - Orient Kontor","robots":{"index":"index","follow":"follow","max-snippet":"max-snippet:-1","max-image-preview":"max-image-preview:large","max-video-preview":"max-video-preview:-1"},"canonical":"https:\/\/orient-kontor.com\/fr\/shop\/schwarzer-tee-mit-orangenblueten\/","og_locale":"fr_FR","og_type":"article","og_title":"Schwarzer Tee mit Orangenbl\u00fcten - Orient Kontor","og_description":"Tauchen Sie in die einzigartige persische Teekultur ein! Genie\u00dfen Sie das besondere Aroma des iranischen Schwarztees, welcher von Natur aus arm an Gerbstoffen und Koffein ist. Wir verkaufen ausschlie\u00dflich Schwarzen Tee aus dem Nordiran, der in kleinb\u00e4uerlichen Strukturen angebaut und von Hand geerntet wird. Durch den Zusatz der Orangenbl\u00fcten erhalten Sie ein hochwertiges Teeerlebnis, das sich durch einen au\u00dfergew\u00f6hnlichen Geschmack auszeichnet.","og_url":"https:\/\/orient-kontor.com\/fr\/shop\/schwarzer-tee-mit-orangenblueten\/","og_site_name":"Orient Kontor","article_publisher":"https:\/\/www.facebook.com\/orientkontor\/","article_modified_time":"2026-03-06T08:23:23+00:00","og_image":[{"width":641,"height":1024,"url":"https:\/\/orient-kontor.com\/wp-content\/uploads\/2022\/12\/Tee_Orange_Verpackung-641x1024.png","type":"image\/png"}],"twitter_card":"summary_large_image","twitter_misc":{"Dur\u00e9e de lecture estim\u00e9e":"2 minutes"},"schema":{"@context":"https:\/\/schema.org","@graph":[{"@type":"WebPage","@id":"https:\/\/orient-kontor.com\/shop\/schwarzer-tee-mit-orangenblueten\/","url":"https:\/\/orient-kontor.com\/shop\/schwarzer-tee-mit-orangenblueten\/","name":"Schwarzer Tee mit Orangenbl\u00fcten - Orient Kontor","isPartOf":{"@id":"https:\/\/orient-kontor.com\/#website"},"primaryImageOfPage":{"@id":"https:\/\/orient-kontor.com\/shop\/schwarzer-tee-mit-orangenblueten\/#primaryimage"},"image":{"@id":"https:\/\/orient-kontor.com\/shop\/schwarzer-tee-mit-orangenblueten\/#primaryimage"},"thumbnailUrl":"https:\/\/orient-kontor.com\/wp-content\/uploads\/2022\/12\/Tee_Orange_Verpackung.avif","datePublished":"2022-12-18T16:01:03+00:00","dateModified":"2026-03-06T08:23:23+00:00","breadcrumb":{"@id":"https:\/\/orient-kontor.com\/shop\/schwarzer-tee-mit-orangenblueten\/#breadcrumb"},"inLanguage":"fr-FR","potentialAction":[{"@type":"ReadAction","target":["https:\/\/orient-kontor.com\/shop\/schwarzer-tee-mit-orangenblueten\/"]}]},{"@type":"ImageObject","inLanguage":"fr-FR","@id":"https:\/\/orient-kontor.com\/shop\/schwarzer-tee-mit-orangenblueten\/#primaryimage","url":"https:\/\/orient-kontor.com\/wp-content\/uploads\/2022\/12\/Tee_Orange_Verpackung.avif","contentUrl":"https:\/\/orient-kontor.com\/wp-content\/uploads\/2022\/12\/Tee_Orange_Verpackung.avif","width":1281,"height":2048},{"@type":"BreadcrumbList","@id":"https:\/\/orient-kontor.com\/shop\/schwarzer-tee-mit-orangenblueten\/#breadcrumb","itemListElement":[{"@type":"ListItem","position":1,"name":"Startseite","item":"https:\/\/orient-kontor.com\/"},{"@type":"ListItem","position":2,"name":"Safran-Shop","item":"https:\/\/orient-kontor.com\/shop\/"},{"@type":"ListItem","position":3,"name":"Schwarzer Tee mit Orangenbl\u00fcten"}]},{"@type":"WebSite","@id":"https:\/\/orient-kontor.com\/#website","url":"https:\/\/orient-kontor.com\/","name":"Orient Kontor","description":"","publisher":{"@id":"https:\/\/orient-kontor.com\/#organization"},"potentialAction":[{"@type":"SearchAction","target":{"@type":"EntryPoint","urlTemplate":"https:\/\/orient-kontor.com\/?s={search_term_string}"},"query-input":{"@type":"PropertyValueSpecification","valueRequired":true,"valueName":"search_term_string"}}],"inLanguage":"fr-FR"},{"@type":"Organization","@id":"https:\/\/orient-kontor.com\/#organization","name":"Orient Kontor","url":"https:\/\/orient-kontor.com\/","logo":{"@type":"ImageObject","inLanguage":"fr-FR","@id":"https:\/\/orient-kontor.com\/#\/schema\/logo\/image\/","url":"https:\/\/orient-kontor.com\/wp-content\/uploads\/2020\/08\/orient-kontor-logo.png","contentUrl":"https:\/\/orient-kontor.com\/wp-content\/uploads\/2020\/08\/orient-kontor-logo.png","width":800,"height":302,"caption":"Orient Kontor"},"image":{"@id":"https:\/\/orient-kontor.com\/#\/schema\/logo\/image\/"},"sameAs":["https:\/\/www.facebook.com\/orientkontor\/","https:\/\/www.instagram.com\/orient_kontor\/"]}]}},"_links":{"self":[{"href":"https:\/\/orient-kontor.com\/fr\/wp-json\/wp\/v2\/product\/4725","targetHints":{"allow":["GET"]}}],"collection":[{"href":"https:\/\/orient-kontor.com\/fr\/wp-json\/wp\/v2\/product"}],"about":[{"href":"https:\/\/orient-kontor.com\/fr\/wp-json\/wp\/v2\/types\/product"}],"replies":[{"embeddable":true,"href":"https:\/\/orient-kontor.com\/fr\/wp-json\/wp\/v2\/comments?post=4725"}],"version-history":[{"count":0,"href":"https:\/\/orient-kontor.com\/fr\/wp-json\/wp\/v2\/product\/4725\/revisions"}],"wp:featuredmedia":[{"embeddable":true,"href":"https:\/\/orient-kontor.com\/fr\/wp-json\/wp\/v2\/media\/4726"}],"wp:attachment":[{"href":"https:\/\/orient-kontor.com\/fr\/wp-json\/wp\/v2\/media?parent=4725"}],"wp:term":[{"taxonomy":"product_brand","embeddable":true,"href":"https:\/\/orient-kontor.com\/fr\/wp-json\/wp\/v2\/product_brand?post=4725"},{"taxonomy":"product_cat","embeddable":true,"href":"https:\/\/orient-kontor.com\/fr\/wp-json\/wp\/v2\/product_cat?post=4725"},{"taxonomy":"product_tag","embeddable":true,"href":"https:\/\/orient-kontor.com\/fr\/wp-json\/wp\/v2\/product_tag?post=4725"}],"curies":[{"name":"wp","href":"https:\/\/api.w.org\/{rel}","templated":true}]}}