{"id":1255,"date":"2020-08-28T13:43:01","date_gmt":"2020-08-28T11:43:01","guid":{"rendered":"https:\/\/orient-kontor.com\/?post_type=product&#038;p=1255"},"modified":"2026-05-03T20:41:38","modified_gmt":"2026-05-03T18:41:38","slug":"safranfaeden-kaufen","status":"publish","type":"product","link":"https:\/\/orient-kontor.com\/fr\/shop\/safranfaeden-kaufen\/","title":{"rendered":"Safran premium : Super Negin"},"content":{"rendered":"<p>Le safran premium d'Orient Kontor se distingue par sa tr\u00e8s grande qualit\u00e9. Des analyses r\u00e9guli\u00e8res effectu\u00e9es en laboratoire en Allemagne confirment que nos pistils de safran appartiennent \u00e0 la cat\u00e9gorie I selon la certification ISO 3632-2 et sont donc de <strong>qualit\u00e9 sup\u00e9rieure absolue<\/strong> possible. Nous en sommes fiers et c'est avec plaisir que nous partageons nos r\u00e9sultats de laboratoire actuels :<\/p>\n<table style=\"height: 134px;\" width=\"595\">\n<tbody>\n<tr>\n<th>Valeur d'essai<\/th>\n<th>Orient Kontor Safran<\/th>\n<th>Cat\u00e9gorie 1 selon ISO 3632-2<\/th>\n<\/tr>\n<tr>\n<td>Ar\u00f4me (<em>Safranal<\/em>)<\/td>\n<td><strong><span style=\"color: #339966;\">35<\/span><\/strong><\/td>\n<td>min. 20 max. 50<\/td>\n<\/tr>\n<tr>\n<td>amertume (<em>Pricrocine<\/em>)<\/td>\n<td><strong><span style=\"color: #339966;\">96<\/span><\/strong><\/td>\n<td>min. 70<\/td>\n<\/tr>\n<tr>\n<td>Pouvoir colorant (<em>Crocin<\/em>)<\/td>\n<td><strong><span style=\"color: #339966;\">269<\/span><\/strong><\/td>\n<td>min. 200<\/td>\n<\/tr>\n<\/tbody>\n<\/table>\n<p>La grande valeur de notre produit est li\u00e9e aux conditions id\u00e9ales de culture et de r\u00e9colte. Le site <strong>Safran premium d'Orient Kontor<\/strong> provient exclusivement d'Iran, plus pr\u00e9cis\u00e9ment de la r\u00e9gion de <em>Chorasan<\/em>. C'est l\u00e0 que nous nous approvisionnons en safran aupr\u00e8s de petites exploitations familiales qui, depuis plusieurs g\u00e9n\u00e9rations, vivent de la culture du safran sur les hauts plateaux de <em>Chorasan<\/em> . La r\u00e9colte n'a lieu qu'une fois par an. Pour pr\u00e9server au mieux l'ar\u00f4me des pistils du crocus \u00e0 safran, la cueillette commence \u00e0 l'aube, bien avant que les premiers rayons du soleil ne touchent la terre. Le safran est r\u00e9colt\u00e9 \u00e0 la main avec un soin m\u00e9ticuleux, selon une m\u00e9thode transmise et inchang\u00e9e depuis des si\u00e8cles, puis transform\u00e9 et s\u00e9ch\u00e9 selon la tradition. Il faut environ 150 fleurs de crocus pour obtenir un seul gramme de notre safran premium \u2014 chaque filament est r\u00e9colt\u00e9 individuellement, \u00e0 la main.<\/p>\n<p>Ce n'est que gr\u00e2ce \u00e0 cet effort qu'il est possible d'atteindre cette qualit\u00e9 sup\u00e9rieure. En utilisant notre safran, vous pouvez donner \u00e0 vos plats un go\u00fbt d' <strong>ar\u00f4me unique et noble<\/strong> et rehausse chaque plat. Laissez-vous convaincre par l'intensit\u00e9 de notre produit et relevez votre cuisine avec \u00ab l'or rouge \u00bb.<\/p>\n<p>Nos pistils de safran contiennent une forte concentration d'huiles essentielles et de croc\u00e9tine (crocine), un colorant naturel responsable de la couleur rouge-orange intense. Ce composant naturel donne aux plats qu\u2019il parfume une belle couleur jaune dor\u00e9 et d\u00e9veloppe une saveur incroyablement intense, tout en restant subtile. Il sublime ainsi chaque pr\u00e9paration culinaire.<\/p>\n<h3>Le safran est-il issu de l'agriculture biologique ?<\/h3>\n<p align=\"justify\">Oui, notre safran a \u00e9t\u00e9 cultiv\u00e9 de mani\u00e8re enti\u00e8rement biologique, sans aucune utilisation de pesticides, d'herbicides ou d'autres produits chimiques. Il est cependant <strong>non certifi\u00e9s bio par l'UE. <\/strong>La certification des petits champs exclusifs de nos agriculteurs n'est pas rentable et n'apporte aucun avantage en termes de prix de vente pour les producteurs et les acheteurs.<\/p>","protected":false},"excerpt":{"rendered":"<p>Laissez-vous s\u00e9duire par notre safran de qualit\u00e9 sup\u00e9rieure ! Nous vendons exclusivement des pistils de safran d'Iran de la plus haute qualit\u00e9, cultiv\u00e9s de mani\u00e8re traditionnelle dans de petites exploitations paysannes. Rehaussez votre cuisine avec ce produit de premi\u00e8re qualit\u00e9 et relevez vos plats avec \"l'or rouge\".<\/p>","protected":false},"featured_media":4784,"comment_status":"open","ping_status":"closed","template":"","meta":[],"product_brand":[],"product_cat":[22],"product_tag":[],"class_list":{"0":"post-1255","1":"product","2":"type-product","3":"status-publish","4":"has-post-thumbnail","6":"product_cat-safran","7":"product_shipping_class-klein","9":"first","10":"instock","11":"shipping-taxable","12":"purchasable","13":"product-type-variable","14":"has-default-attributes"},"yoast_head":"<!-- This site is optimized with the Yoast SEO plugin v27.5 - https:\/\/yoast.com\/product\/yoast-seo-wordpress\/ -->\n<title>Premiumsafran aus dem Iran - Fair und Nachhaltig<\/title>\n<meta name=\"description\" content=\"Super Negin Safranf\u00e4den aus dem Iran! Fair und nachhaltig gehandelter Premiumsafran. In Deutschland gepr\u00fcfte Qualit\u00e4t.\" \/>\n<meta name=\"robots\" content=\"index, follow, max-snippet:-1, max-image-preview:large, max-video-preview:-1\" \/>\n<link rel=\"canonical\" href=\"https:\/\/orient-kontor.com\/fr\/shop\/safranfaeden-kaufen\/\" \/>\n<meta property=\"og:locale\" content=\"fr_FR\" \/>\n<meta property=\"og:type\" content=\"article\" \/>\n<meta property=\"og:title\" content=\"Premiumsafran aus dem Iran - Fair und Nachhaltig\" \/>\n<meta property=\"og:description\" content=\"Super Negin Safranf\u00e4den aus dem Iran! Fair und nachhaltig gehandelter Premiumsafran. In Deutschland gepr\u00fcfte Qualit\u00e4t.\" \/>\n<meta property=\"og:url\" content=\"https:\/\/orient-kontor.com\/fr\/shop\/safranfaeden-kaufen\/\" \/>\n<meta property=\"og:site_name\" content=\"Orient Kontor\" \/>\n<meta property=\"article:publisher\" content=\"https:\/\/www.facebook.com\/orientkontor\/\" \/>\n<meta property=\"article:modified_time\" content=\"2026-05-03T18:41:38+00:00\" \/>\n<meta property=\"og:image\" content=\"https:\/\/orient-kontor.com\/wp-content\/uploads\/2020\/02\/Safran_Dose-white-1024x1024.png\" \/>\n\t<meta property=\"og:image:width\" content=\"1024\" \/>\n\t<meta property=\"og:image:height\" content=\"1024\" \/>\n\t<meta property=\"og:image:type\" content=\"image\/png\" \/>\n<meta name=\"twitter:card\" content=\"summary_large_image\" \/>\n<meta name=\"twitter:label1\" content=\"Dur\u00e9e de lecture estim\u00e9e\" \/>\n\t<meta name=\"twitter:data1\" content=\"2 minutes\" \/>\n<script type=\"application\/ld+json\" class=\"yoast-schema-graph\">{\"@context\":\"https:\\\/\\\/schema.org\",\"@graph\":[{\"@type\":\"WebPage\",\"@id\":\"https:\\\/\\\/orient-kontor.com\\\/shop\\\/safranfaeden-kaufen\\\/\",\"url\":\"https:\\\/\\\/orient-kontor.com\\\/shop\\\/safranfaeden-kaufen\\\/\",\"name\":\"Premiumsafran aus dem Iran - Fair und Nachhaltig\",\"isPartOf\":{\"@id\":\"https:\\\/\\\/orient-kontor.com\\\/#website\"},\"primaryImageOfPage\":{\"@id\":\"https:\\\/\\\/orient-kontor.com\\\/shop\\\/safranfaeden-kaufen\\\/#primaryimage\"},\"image\":{\"@id\":\"https:\\\/\\\/orient-kontor.com\\\/shop\\\/safranfaeden-kaufen\\\/#primaryimage\"},\"thumbnailUrl\":\"https:\\\/\\\/orient-kontor.com\\\/wp-content\\\/uploads\\\/2020\\\/02\\\/Safran_Dose-white.avif\",\"datePublished\":\"2020-08-28T11:43:01+00:00\",\"dateModified\":\"2026-05-03T18:41:38+00:00\",\"description\":\"Super Negin Safranf\u00e4den aus dem Iran! Fair und nachhaltig gehandelter Premiumsafran. In Deutschland gepr\u00fcfte Qualit\u00e4t.\",\"breadcrumb\":{\"@id\":\"https:\\\/\\\/orient-kontor.com\\\/shop\\\/safranfaeden-kaufen\\\/#breadcrumb\"},\"inLanguage\":\"fr-FR\",\"potentialAction\":[{\"@type\":\"ReadAction\",\"target\":[\"https:\\\/\\\/orient-kontor.com\\\/shop\\\/safranfaeden-kaufen\\\/\"]}]},{\"@type\":\"ImageObject\",\"inLanguage\":\"fr-FR\",\"@id\":\"https:\\\/\\\/orient-kontor.com\\\/shop\\\/safranfaeden-kaufen\\\/#primaryimage\",\"url\":\"https:\\\/\\\/orient-kontor.com\\\/wp-content\\\/uploads\\\/2020\\\/02\\\/Safran_Dose-white.avif\",\"contentUrl\":\"https:\\\/\\\/orient-kontor.com\\\/wp-content\\\/uploads\\\/2020\\\/02\\\/Safran_Dose-white.avif\",\"width\":2048,\"height\":2048},{\"@type\":\"BreadcrumbList\",\"@id\":\"https:\\\/\\\/orient-kontor.com\\\/shop\\\/safranfaeden-kaufen\\\/#breadcrumb\",\"itemListElement\":[{\"@type\":\"ListItem\",\"position\":1,\"name\":\"Startseite\",\"item\":\"https:\\\/\\\/orient-kontor.com\\\/\"},{\"@type\":\"ListItem\",\"position\":2,\"name\":\"Safran-Shop\",\"item\":\"https:\\\/\\\/orient-kontor.com\\\/shop\\\/\"},{\"@type\":\"ListItem\",\"position\":3,\"name\":\"Premiumsafran: Super Negin\"}]},{\"@type\":\"WebSite\",\"@id\":\"https:\\\/\\\/orient-kontor.com\\\/#website\",\"url\":\"https:\\\/\\\/orient-kontor.com\\\/\",\"name\":\"Orient Kontor\",\"description\":\"\",\"publisher\":{\"@id\":\"https:\\\/\\\/orient-kontor.com\\\/#organization\"},\"potentialAction\":[{\"@type\":\"SearchAction\",\"target\":{\"@type\":\"EntryPoint\",\"urlTemplate\":\"https:\\\/\\\/orient-kontor.com\\\/?s={search_term_string}\"},\"query-input\":{\"@type\":\"PropertyValueSpecification\",\"valueRequired\":true,\"valueName\":\"search_term_string\"}}],\"inLanguage\":\"fr-FR\"},{\"@type\":\"Organization\",\"@id\":\"https:\\\/\\\/orient-kontor.com\\\/#organization\",\"name\":\"Orient Kontor\",\"url\":\"https:\\\/\\\/orient-kontor.com\\\/\",\"logo\":{\"@type\":\"ImageObject\",\"inLanguage\":\"fr-FR\",\"@id\":\"https:\\\/\\\/orient-kontor.com\\\/#\\\/schema\\\/logo\\\/image\\\/\",\"url\":\"https:\\\/\\\/orient-kontor.com\\\/wp-content\\\/uploads\\\/2020\\\/08\\\/orient-kontor-logo.png\",\"contentUrl\":\"https:\\\/\\\/orient-kontor.com\\\/wp-content\\\/uploads\\\/2020\\\/08\\\/orient-kontor-logo.png\",\"width\":800,\"height\":302,\"caption\":\"Orient Kontor\"},\"image\":{\"@id\":\"https:\\\/\\\/orient-kontor.com\\\/#\\\/schema\\\/logo\\\/image\\\/\"},\"sameAs\":[\"https:\\\/\\\/www.facebook.com\\\/orientkontor\\\/\",\"https:\\\/\\\/www.instagram.com\\\/orient_kontor\\\/\"]}]}<\/script>\n<!-- \/ Yoast SEO plugin. -->","yoast_head_json":{"title":"Premiumsafran aus dem Iran - Fair und Nachhaltig","description":"Super Negin Safranf\u00e4den aus dem Iran! Fair und nachhaltig gehandelter Premiumsafran. In Deutschland gepr\u00fcfte Qualit\u00e4t.","robots":{"index":"index","follow":"follow","max-snippet":"max-snippet:-1","max-image-preview":"max-image-preview:large","max-video-preview":"max-video-preview:-1"},"canonical":"https:\/\/orient-kontor.com\/fr\/shop\/safranfaeden-kaufen\/","og_locale":"fr_FR","og_type":"article","og_title":"Premiumsafran aus dem Iran - Fair und Nachhaltig","og_description":"Super Negin Safranf\u00e4den aus dem Iran! Fair und nachhaltig gehandelter Premiumsafran. In Deutschland gepr\u00fcfte Qualit\u00e4t.","og_url":"https:\/\/orient-kontor.com\/fr\/shop\/safranfaeden-kaufen\/","og_site_name":"Orient Kontor","article_publisher":"https:\/\/www.facebook.com\/orientkontor\/","article_modified_time":"2026-05-03T18:41:38+00:00","og_image":[{"width":1024,"height":1024,"url":"https:\/\/orient-kontor.com\/wp-content\/uploads\/2020\/02\/Safran_Dose-white-1024x1024.png","type":"image\/png"}],"twitter_card":"summary_large_image","twitter_misc":{"Dur\u00e9e de lecture estim\u00e9e":"2 minutes"},"schema":{"@context":"https:\/\/schema.org","@graph":[{"@type":"WebPage","@id":"https:\/\/orient-kontor.com\/shop\/safranfaeden-kaufen\/","url":"https:\/\/orient-kontor.com\/shop\/safranfaeden-kaufen\/","name":"Premiumsafran aus dem Iran - Fair und Nachhaltig","isPartOf":{"@id":"https:\/\/orient-kontor.com\/#website"},"primaryImageOfPage":{"@id":"https:\/\/orient-kontor.com\/shop\/safranfaeden-kaufen\/#primaryimage"},"image":{"@id":"https:\/\/orient-kontor.com\/shop\/safranfaeden-kaufen\/#primaryimage"},"thumbnailUrl":"https:\/\/orient-kontor.com\/wp-content\/uploads\/2020\/02\/Safran_Dose-white.avif","datePublished":"2020-08-28T11:43:01+00:00","dateModified":"2026-05-03T18:41:38+00:00","description":"Super Negin Safranf\u00e4den aus dem Iran! Fair und nachhaltig gehandelter Premiumsafran. In Deutschland gepr\u00fcfte Qualit\u00e4t.","breadcrumb":{"@id":"https:\/\/orient-kontor.com\/shop\/safranfaeden-kaufen\/#breadcrumb"},"inLanguage":"fr-FR","potentialAction":[{"@type":"ReadAction","target":["https:\/\/orient-kontor.com\/shop\/safranfaeden-kaufen\/"]}]},{"@type":"ImageObject","inLanguage":"fr-FR","@id":"https:\/\/orient-kontor.com\/shop\/safranfaeden-kaufen\/#primaryimage","url":"https:\/\/orient-kontor.com\/wp-content\/uploads\/2020\/02\/Safran_Dose-white.avif","contentUrl":"https:\/\/orient-kontor.com\/wp-content\/uploads\/2020\/02\/Safran_Dose-white.avif","width":2048,"height":2048},{"@type":"BreadcrumbList","@id":"https:\/\/orient-kontor.com\/shop\/safranfaeden-kaufen\/#breadcrumb","itemListElement":[{"@type":"ListItem","position":1,"name":"Startseite","item":"https:\/\/orient-kontor.com\/"},{"@type":"ListItem","position":2,"name":"Safran-Shop","item":"https:\/\/orient-kontor.com\/shop\/"},{"@type":"ListItem","position":3,"name":"Premiumsafran: Super Negin"}]},{"@type":"WebSite","@id":"https:\/\/orient-kontor.com\/#website","url":"https:\/\/orient-kontor.com\/","name":"Orient Kontor","description":"","publisher":{"@id":"https:\/\/orient-kontor.com\/#organization"},"potentialAction":[{"@type":"SearchAction","target":{"@type":"EntryPoint","urlTemplate":"https:\/\/orient-kontor.com\/?s={search_term_string}"},"query-input":{"@type":"PropertyValueSpecification","valueRequired":true,"valueName":"search_term_string"}}],"inLanguage":"fr-FR"},{"@type":"Organization","@id":"https:\/\/orient-kontor.com\/#organization","name":"Orient Kontor","url":"https:\/\/orient-kontor.com\/","logo":{"@type":"ImageObject","inLanguage":"fr-FR","@id":"https:\/\/orient-kontor.com\/#\/schema\/logo\/image\/","url":"https:\/\/orient-kontor.com\/wp-content\/uploads\/2020\/08\/orient-kontor-logo.png","contentUrl":"https:\/\/orient-kontor.com\/wp-content\/uploads\/2020\/08\/orient-kontor-logo.png","width":800,"height":302,"caption":"Orient Kontor"},"image":{"@id":"https:\/\/orient-kontor.com\/#\/schema\/logo\/image\/"},"sameAs":["https:\/\/www.facebook.com\/orientkontor\/","https:\/\/www.instagram.com\/orient_kontor\/"]}]}},"_links":{"self":[{"href":"https:\/\/orient-kontor.com\/fr\/wp-json\/wp\/v2\/product\/1255","targetHints":{"allow":["GET"]}}],"collection":[{"href":"https:\/\/orient-kontor.com\/fr\/wp-json\/wp\/v2\/product"}],"about":[{"href":"https:\/\/orient-kontor.com\/fr\/wp-json\/wp\/v2\/types\/product"}],"replies":[{"embeddable":true,"href":"https:\/\/orient-kontor.com\/fr\/wp-json\/wp\/v2\/comments?post=1255"}],"version-history":[{"count":0,"href":"https:\/\/orient-kontor.com\/fr\/wp-json\/wp\/v2\/product\/1255\/revisions"}],"wp:featuredmedia":[{"embeddable":true,"href":"https:\/\/orient-kontor.com\/fr\/wp-json\/wp\/v2\/media\/4784"}],"wp:attachment":[{"href":"https:\/\/orient-kontor.com\/fr\/wp-json\/wp\/v2\/media?parent=1255"}],"wp:term":[{"taxonomy":"product_brand","embeddable":true,"href":"https:\/\/orient-kontor.com\/fr\/wp-json\/wp\/v2\/product_brand?post=1255"},{"taxonomy":"product_cat","embeddable":true,"href":"https:\/\/orient-kontor.com\/fr\/wp-json\/wp\/v2\/product_cat?post=1255"},{"taxonomy":"product_tag","embeddable":true,"href":"https:\/\/orient-kontor.com\/fr\/wp-json\/wp\/v2\/product_tag?post=1255"}],"curies":[{"name":"wp","href":"https:\/\/api.w.org\/{rel}","templated":true}]}}