{"id":4256,"date":"2022-05-26T07:01:02","date_gmt":"2022-05-26T05:01:02","guid":{"rendered":"https:\/\/orient-kontor.com\/echtheit-von-bewertungen\/"},"modified":"2023-02-14T21:35:53","modified_gmt":"2023-02-14T20:35:53","slug":"echtheit-von-bewertungen","status":"publish","type":"page","link":"https:\/\/orient-kontor.com\/fr\/echtheit-von-bewertungen\/","title":{"rendered":"Echtheit von Bewertungen"},"content":{"rendered":"<div data-elementor-type=\"wp-page\" data-elementor-id=\"4256\" class=\"elementor elementor-4256\" data-elementor-post-type=\"page\">\n\t\t\t\t\t\t<section class=\"elementor-section elementor-top-section elementor-element elementor-element-737c91c elementor-section-boxed elementor-section-height-default elementor-section-height-default\" data-id=\"737c91c\" data-element_type=\"section\" data-e-type=\"section\" data-settings=\"{&quot;background_background&quot;:&quot;classic&quot;}\">\n\t\t\t\t\t\t<div class=\"elementor-container elementor-column-gap-default\">\n\t\t\t\t\t<div class=\"elementor-column elementor-col-100 elementor-top-column elementor-element elementor-element-a39c947\" data-id=\"a39c947\" data-element_type=\"column\" data-e-type=\"column\">\n\t\t\t<div class=\"elementor-widget-wrap elementor-element-populated\">\n\t\t\t\t\t\t<div class=\"elementor-element elementor-element-fb01c15 elementor-widget elementor-widget-heading\" data-id=\"fb01c15\" data-element_type=\"widget\" data-e-type=\"widget\" data-widget_type=\"heading.default\">\n\t\t\t\t\t<h2 class=\"elementor-heading-title elementor-size-default\">Was sind \"Verifizierte\" und  \"Nicht verifizierte\" Bewertungen?<\/h2>\t\t\t\t<\/div>\n\t\t\t\t<div class=\"elementor-element elementor-element-906ec14 elementor-widget elementor-widget-text-editor\" data-id=\"906ec14\" data-element_type=\"widget\" data-e-type=\"widget\" data-widget_type=\"text-editor.default\">\n\t\t\t\t\t\t\t\t\t<p>Ab dem 28. Mai 2022 gilt die Omnibus-Richtlinie. Diese verpflichtet Online-H\u00e4ndler unter anderem dazu, zu erkl\u00e4ren, ob sie Kundenbewertungen auf ihre Echtheit \u00fcberpr\u00fcfen und wenn ja, wie sie das tun. Diese Informationen finden Sie f\u00fcr alle Bewertungen auf Orient Kontor hier.<\/p><p><b>Verifizierte Bewertung:<\/b><br \/>Eine \u00dcberpr\u00fcfung der Bewertungen hat wie folgt stattgefunden:<br \/>Kunden erhalten einen Link zum Bewerten der Produkte. Es handelt sich dabei um einen individualisierten Link, den nur Verbraucher erhalten, die die Waren oder Dienstleistungen tats\u00e4chlich bei uns erworben haben. Dar\u00fcber hinaus pr\u00fcfen wir Bewertungen zu unseren Produkten vor der Ver\u00f6ffentlichung.<br \/>Jede Bewertung wird individuell darauf gepr\u00fcft, ob diese ein Verbraucher<br \/>vorgenommen hat, der die Waren oder Dienstleistungen tats\u00e4chlich bei<br \/>uns erworben hat.<\/p><p><b>Nicht verifizierte Bewertung:<br \/><\/b>Eine \u00dcberpr\u00fcfung der Bewertungen hat vor deren Ver\u00f6ffentlichung nicht stattgefunden. Die Bewertungen k\u00f6nnten von Verbrauchern stammen, die die Ware oder Dienstleistung gar nicht erworben oder genutzt haben. Diese Kennzeichnung kommt insbesondere bei \u00e4lteren Bewertungen vor dessen Ursprung wir (vor Einf\u00fchrung der Omnibus-Richtlinie) nicht mehr nachvollziehen k\u00f6nnen.<\/p>\t\t\t\t\t\t\t\t<\/div>\n\t\t\t\t\t<\/div>\n\t\t<\/div>\n\t\t\t\t\t<\/div>\n\t\t<\/section>\n\t\t\t\t<\/div>","protected":false},"excerpt":{"rendered":"<p>Was sind &#8222;Verifizierte&#8220; und &#8222;Nicht verifizierte&#8220; Bewertungen? Ab dem 28. Mai 2022 gilt die Omnibus-Richtlinie. Diese verpflichtet Online-H\u00e4ndler unter anderem dazu, zu erkl\u00e4ren, ob sie Kundenbewertungen auf ihre Echtheit \u00fcberpr\u00fcfen und wenn ja, wie sie das tun. Diese Informationen finden Sie f\u00fcr alle Bewertungen auf Orient Kontor hier. Verifizierte Bewertung: Eine \u00dcberpr\u00fcfung der Bewertungen hat [&hellip;]<\/p>\n","protected":false},"author":2,"featured_media":0,"parent":0,"menu_order":0,"comment_status":"closed","ping_status":"closed","template":"","meta":{"footnotes":""},"class_list":["post-4256","page","type-page","status-publish","hentry"],"yoast_head":"<!-- This site is optimized with the Yoast SEO plugin v27.5 - https:\/\/yoast.com\/product\/yoast-seo-wordpress\/ -->\n<title>Echtheit von Bewertungen - Orient Kontor<\/title>\n<meta name=\"robots\" content=\"noindex, nofollow\" \/>\n<meta property=\"og:locale\" content=\"fr_FR\" \/>\n<meta property=\"og:type\" content=\"article\" \/>\n<meta property=\"og:title\" content=\"Echtheit von Bewertungen - Orient Kontor\" \/>\n<meta property=\"og:description\" content=\"Was sind &#8222;Verifizierte&#8220; und &#8222;Nicht verifizierte&#8220; Bewertungen? Ab dem 28. Mai 2022 gilt die Omnibus-Richtlinie. Diese verpflichtet Online-H\u00e4ndler unter anderem dazu, zu erkl\u00e4ren, ob sie Kundenbewertungen auf ihre Echtheit \u00fcberpr\u00fcfen und wenn ja, wie sie das tun. Diese Informationen finden Sie f\u00fcr alle Bewertungen auf Orient Kontor hier. Verifizierte Bewertung: Eine \u00dcberpr\u00fcfung der Bewertungen hat [&hellip;]\" \/>\n<meta property=\"og:url\" content=\"https:\/\/orient-kontor.com\/fr\/echtheit-von-bewertungen\/\" \/>\n<meta property=\"og:site_name\" content=\"Orient Kontor\" \/>\n<meta property=\"article:publisher\" content=\"https:\/\/www.facebook.com\/orientkontor\/\" \/>\n<meta property=\"article:modified_time\" content=\"2023-02-14T20:35:53+00:00\" \/>\n<meta name=\"twitter:card\" content=\"summary_large_image\" \/>\n<meta name=\"twitter:label1\" content=\"Dur\u00e9e de lecture estim\u00e9e\" \/>\n\t<meta name=\"twitter:data1\" content=\"1 minute\" \/>\n<script type=\"application\/ld+json\" class=\"yoast-schema-graph\">{\"@context\":\"https:\\\/\\\/schema.org\",\"@graph\":[{\"@type\":\"WebPage\",\"@id\":\"https:\\\/\\\/orient-kontor.com\\\/echtheit-von-bewertungen\\\/\",\"url\":\"https:\\\/\\\/orient-kontor.com\\\/echtheit-von-bewertungen\\\/\",\"name\":\"Echtheit von Bewertungen - Orient Kontor\",\"isPartOf\":{\"@id\":\"https:\\\/\\\/orient-kontor.com\\\/#website\"},\"datePublished\":\"2022-05-26T05:01:02+00:00\",\"dateModified\":\"2023-02-14T20:35:53+00:00\",\"breadcrumb\":{\"@id\":\"https:\\\/\\\/orient-kontor.com\\\/echtheit-von-bewertungen\\\/#breadcrumb\"},\"inLanguage\":\"fr-FR\",\"potentialAction\":[{\"@type\":\"ReadAction\",\"target\":[\"https:\\\/\\\/orient-kontor.com\\\/echtheit-von-bewertungen\\\/\"]}]},{\"@type\":\"BreadcrumbList\",\"@id\":\"https:\\\/\\\/orient-kontor.com\\\/echtheit-von-bewertungen\\\/#breadcrumb\",\"itemListElement\":[{\"@type\":\"ListItem\",\"position\":1,\"name\":\"Startseite\",\"item\":\"https:\\\/\\\/orient-kontor.com\\\/\"},{\"@type\":\"ListItem\",\"position\":2,\"name\":\"Echtheit von Bewertungen\"}]},{\"@type\":\"WebSite\",\"@id\":\"https:\\\/\\\/orient-kontor.com\\\/#website\",\"url\":\"https:\\\/\\\/orient-kontor.com\\\/\",\"name\":\"Orient Kontor\",\"description\":\"\",\"publisher\":{\"@id\":\"https:\\\/\\\/orient-kontor.com\\\/#organization\"},\"potentialAction\":[{\"@type\":\"SearchAction\",\"target\":{\"@type\":\"EntryPoint\",\"urlTemplate\":\"https:\\\/\\\/orient-kontor.com\\\/?s={search_term_string}\"},\"query-input\":{\"@type\":\"PropertyValueSpecification\",\"valueRequired\":true,\"valueName\":\"search_term_string\"}}],\"inLanguage\":\"fr-FR\"},{\"@type\":\"Organization\",\"@id\":\"https:\\\/\\\/orient-kontor.com\\\/#organization\",\"name\":\"Orient Kontor\",\"url\":\"https:\\\/\\\/orient-kontor.com\\\/\",\"logo\":{\"@type\":\"ImageObject\",\"inLanguage\":\"fr-FR\",\"@id\":\"https:\\\/\\\/orient-kontor.com\\\/#\\\/schema\\\/logo\\\/image\\\/\",\"url\":\"https:\\\/\\\/orient-kontor.com\\\/wp-content\\\/uploads\\\/2020\\\/08\\\/orient-kontor-logo.png\",\"contentUrl\":\"https:\\\/\\\/orient-kontor.com\\\/wp-content\\\/uploads\\\/2020\\\/08\\\/orient-kontor-logo.png\",\"width\":800,\"height\":302,\"caption\":\"Orient Kontor\"},\"image\":{\"@id\":\"https:\\\/\\\/orient-kontor.com\\\/#\\\/schema\\\/logo\\\/image\\\/\"},\"sameAs\":[\"https:\\\/\\\/www.facebook.com\\\/orientkontor\\\/\",\"https:\\\/\\\/www.instagram.com\\\/orient_kontor\\\/\"]}]}<\/script>\n<!-- \/ Yoast SEO plugin. -->","yoast_head_json":{"title":"Echtheit von Bewertungen - Orient Kontor","robots":{"index":"noindex","follow":"nofollow"},"og_locale":"fr_FR","og_type":"article","og_title":"Echtheit von Bewertungen - Orient Kontor","og_description":"Was sind &#8222;Verifizierte&#8220; und &#8222;Nicht verifizierte&#8220; Bewertungen? Ab dem 28. Mai 2022 gilt die Omnibus-Richtlinie. Diese verpflichtet Online-H\u00e4ndler unter anderem dazu, zu erkl\u00e4ren, ob sie Kundenbewertungen auf ihre Echtheit \u00fcberpr\u00fcfen und wenn ja, wie sie das tun. Diese Informationen finden Sie f\u00fcr alle Bewertungen auf Orient Kontor hier. Verifizierte Bewertung: Eine \u00dcberpr\u00fcfung der Bewertungen hat [&hellip;]","og_url":"https:\/\/orient-kontor.com\/fr\/echtheit-von-bewertungen\/","og_site_name":"Orient Kontor","article_publisher":"https:\/\/www.facebook.com\/orientkontor\/","article_modified_time":"2023-02-14T20:35:53+00:00","twitter_card":"summary_large_image","twitter_misc":{"Dur\u00e9e de lecture estim\u00e9e":"1 minute"},"schema":{"@context":"https:\/\/schema.org","@graph":[{"@type":"WebPage","@id":"https:\/\/orient-kontor.com\/echtheit-von-bewertungen\/","url":"https:\/\/orient-kontor.com\/echtheit-von-bewertungen\/","name":"Echtheit von Bewertungen - Orient Kontor","isPartOf":{"@id":"https:\/\/orient-kontor.com\/#website"},"datePublished":"2022-05-26T05:01:02+00:00","dateModified":"2023-02-14T20:35:53+00:00","breadcrumb":{"@id":"https:\/\/orient-kontor.com\/echtheit-von-bewertungen\/#breadcrumb"},"inLanguage":"fr-FR","potentialAction":[{"@type":"ReadAction","target":["https:\/\/orient-kontor.com\/echtheit-von-bewertungen\/"]}]},{"@type":"BreadcrumbList","@id":"https:\/\/orient-kontor.com\/echtheit-von-bewertungen\/#breadcrumb","itemListElement":[{"@type":"ListItem","position":1,"name":"Startseite","item":"https:\/\/orient-kontor.com\/"},{"@type":"ListItem","position":2,"name":"Echtheit von Bewertungen"}]},{"@type":"WebSite","@id":"https:\/\/orient-kontor.com\/#website","url":"https:\/\/orient-kontor.com\/","name":"Orient Kontor","description":"","publisher":{"@id":"https:\/\/orient-kontor.com\/#organization"},"potentialAction":[{"@type":"SearchAction","target":{"@type":"EntryPoint","urlTemplate":"https:\/\/orient-kontor.com\/?s={search_term_string}"},"query-input":{"@type":"PropertyValueSpecification","valueRequired":true,"valueName":"search_term_string"}}],"inLanguage":"fr-FR"},{"@type":"Organization","@id":"https:\/\/orient-kontor.com\/#organization","name":"Orient Kontor","url":"https:\/\/orient-kontor.com\/","logo":{"@type":"ImageObject","inLanguage":"fr-FR","@id":"https:\/\/orient-kontor.com\/#\/schema\/logo\/image\/","url":"https:\/\/orient-kontor.com\/wp-content\/uploads\/2020\/08\/orient-kontor-logo.png","contentUrl":"https:\/\/orient-kontor.com\/wp-content\/uploads\/2020\/08\/orient-kontor-logo.png","width":800,"height":302,"caption":"Orient Kontor"},"image":{"@id":"https:\/\/orient-kontor.com\/#\/schema\/logo\/image\/"},"sameAs":["https:\/\/www.facebook.com\/orientkontor\/","https:\/\/www.instagram.com\/orient_kontor\/"]}]}},"_links":{"self":[{"href":"https:\/\/orient-kontor.com\/fr\/wp-json\/wp\/v2\/pages\/4256","targetHints":{"allow":["GET"]}}],"collection":[{"href":"https:\/\/orient-kontor.com\/fr\/wp-json\/wp\/v2\/pages"}],"about":[{"href":"https:\/\/orient-kontor.com\/fr\/wp-json\/wp\/v2\/types\/page"}],"author":[{"embeddable":true,"href":"https:\/\/orient-kontor.com\/fr\/wp-json\/wp\/v2\/users\/2"}],"replies":[{"embeddable":true,"href":"https:\/\/orient-kontor.com\/fr\/wp-json\/wp\/v2\/comments?post=4256"}],"version-history":[{"count":0,"href":"https:\/\/orient-kontor.com\/fr\/wp-json\/wp\/v2\/pages\/4256\/revisions"}],"wp:attachment":[{"href":"https:\/\/orient-kontor.com\/fr\/wp-json\/wp\/v2\/media?parent=4256"}],"curies":[{"name":"wp","href":"https:\/\/api.w.org\/{rel}","templated":true}]}}