{"id":466,"date":"2020-02-11T18:10:43","date_gmt":"2020-02-11T17:10:43","guid":{"rendered":"https:\/\/www.orient-kontor.com\/?page_id=466"},"modified":"2025-01-27T18:53:26","modified_gmt":"2025-01-27T17:53:26","slug":"impressum","status":"publish","type":"page","link":"https:\/\/orient-kontor.com\/en\/impressum\/","title":{"rendered":"Imprint"},"content":{"rendered":"<div data-elementor-type=\"wp-page\" data-elementor-id=\"466\" class=\"elementor elementor-466\" data-elementor-post-type=\"page\">\n\t\t\t\t\t\t<section class=\"elementor-section elementor-top-section elementor-element elementor-element-4d8a06d elementor-section-boxed elementor-section-height-default elementor-section-height-default\" data-id=\"4d8a06d\" data-element_type=\"section\" data-e-type=\"section\" data-settings=\"{&quot;background_background&quot;:&quot;gradient&quot;}\">\n\t\t\t\t\t\t<div class=\"elementor-container elementor-column-gap-default\">\n\t\t\t\t\t<div class=\"elementor-column elementor-col-100 elementor-top-column elementor-element elementor-element-889191c\" data-id=\"889191c\" data-element_type=\"column\" data-e-type=\"column\">\n\t\t\t<div class=\"elementor-widget-wrap elementor-element-populated\">\n\t\t\t\t\t\t<div class=\"elementor-element elementor-element-1590742 elementor-widget elementor-widget-spacer\" data-id=\"1590742\" data-element_type=\"widget\" data-e-type=\"widget\" data-widget_type=\"spacer.default\">\n\t\t\t\t\t\t\t<div class=\"elementor-spacer\">\n\t\t\t<div class=\"elementor-spacer-inner\"><\/div>\n\t\t<\/div>\n\t\t\t\t\t\t<\/div>\n\t\t\t\t\t<\/div>\n\t\t<\/div>\n\t\t\t\t\t<\/div>\n\t\t<\/section>\n\t\t\t\t<section class=\"elementor-section elementor-top-section elementor-element elementor-element-a52f5f4 elementor-section-boxed elementor-section-height-default elementor-section-height-default\" data-id=\"a52f5f4\" data-element_type=\"section\" data-e-type=\"section\" data-settings=\"{&quot;background_background&quot;:&quot;classic&quot;,&quot;shape_divider_top&quot;:&quot;mountains&quot;}\">\n\t\t\t\t\t<div class=\"elementor-shape elementor-shape-top\" aria-hidden=\"true\" data-negative=\"false\">\n\t\t\t<svg xmlns=\"http:\/\/www.w3.org\/2000\/svg\" viewbox=\"0 0 1000 100\" preserveaspectratio=\"none\">\n\t<path class=\"elementor-shape-fill\" opacity=\"0.33\" d=\"M473,67.3c-203.9,88.3-263.1-34-320.3,0C66,119.1,0,59.7,0,59.7V0h1000v59.7 c0,0-62.1,26.1-94.9,29.3c-32.8,3.3-62.8-12.3-75.8-22.1C806,49.6,745.3,8.7,694.9,4.7S492.4,59,473,67.3z\"\/>\n\t<path class=\"elementor-shape-fill\" opacity=\"0.66\" d=\"M734,67.3c-45.5,0-77.2-23.2-129.1-39.1c-28.6-8.7-150.3-10.1-254,39.1 s-91.7-34.4-149.2,0C115.7,118.3,0,39.8,0,39.8V0h1000v36.5c0,0-28.2-18.5-92.1-18.5C810.2,18.1,775.7,67.3,734,67.3z\"\/>\n\t<path class=\"elementor-shape-fill\" d=\"M766.1,28.9c-200-57.5-266,65.5-395.1,19.5C242,1.8,242,5.4,184.8,20.6C128,35.8,132.3,44.9,89.9,52.5C28.6,63.7,0,0,0,0 h1000c0,0-9.9,40.9-83.6,48.1S829.6,47,766.1,28.9z\"\/>\n<\/svg>\t\t<\/div>\n\t\t\t\t\t<div class=\"elementor-container elementor-column-gap-default\">\n\t\t\t\t\t<div class=\"elementor-column elementor-col-50 elementor-top-column elementor-element elementor-element-261469d\" data-id=\"261469d\" data-element_type=\"column\" data-e-type=\"column\" data-settings=\"{&quot;background_background&quot;:&quot;classic&quot;}\">\n\t\t\t<div class=\"elementor-widget-wrap elementor-element-populated\">\n\t\t\t\t\t\t<div class=\"elementor-element elementor-element-80e457a elementor-widget elementor-widget-text-editor\" data-id=\"80e457a\" data-element_type=\"widget\" data-e-type=\"widget\" data-widget_type=\"text-editor.default\">\n\t\t\t\t\t\t\t\t\t<h1>Impressum der Seite Orient-Kontor.com<\/h1><h2>Angaben gem\u00e4\u00df \u00a7 5 TMG<\/h2><p>Orient Kontor<br \/>Inh. Frau Dr. Yasmin Goudarzi<br \/>Main street 43<br \/>19071 Dalberg<\/p><h2>Contact us<\/h2><p><strong>Telefon:<\/strong> 004917695230787<br \/><strong>E-Mail:<\/strong> <a href=\"mailto:info@orient-kontor.com\" target=\"_blank\" rel=\"noopener\">info@orient-kontor.com<\/a><br \/><strong>Facebook:<\/strong> <a href=\"https:\/\/www.facebook.com\/orientkontor\" target=\"_blank\" rel=\"noopener\">orientkontor<\/a><br \/><strong>Instagram:<\/strong> <a href=\"https:\/\/www.instagram.com\/orient_kontor\/\" target=\"_blank\" rel=\"noopener\">orient_kontor<\/a><\/p><h2>Umsatzsteuer-ID<\/h2><p>Umsatzsteuer-Identifikationsnummer gem\u00e4\u00df \u00a7 27 a Umsatzsteuergesetz: DE332323641<\/p><h2>Gewerbeanmeldung<\/h2><p>Die Gewerbeanmeldung nach \u00a714 GewO wurde am 26.09.2019 durch Freie und Hansestadt Hamburg Bezirksamt Altona erteilt.<\/p><h2>Redaktionell Verantwortlicher<\/h2><p>Frau Dr. Yasmin Goudarzi<br \/>Main street 43<br \/>19071 Dalberg<\/p><h2>EU-Streitschlichtung<\/h2><p>Die Europ\u00e4ische Kommission stellt eine Plattform zur Online-Streitbeilegung (OS) bereit: <a href=\"https:\/\/ec.europa.eu\/consumers\/odr\" target=\"_blank\" rel=\"noopener noreferrer\">https:\/\/ec.europa.eu\/consumers\/odr<\/a>. Unsere E-Mail-Adresse finden Sie oben im Impressum.<\/p><h2>Verbraucher\u00adstreit\u00adbeilegung\/Universal\u00adschlichtungs\u00adstelle<\/h2><p>Wir sind nicht bereit oder verpflichtet, an Streitbeilegungsverfahren vor einer Verbraucherschlichtungsstelle teilzunehmen.<\/p><h3>Haftung f\u00fcr Inhalte<\/h3><p>Als Diensteanbieter sind wir gem\u00e4\u00df \u00a7 7 Abs.1 TMG f\u00fcr eigene Inhalte auf diesen Seiten nach den allgemeinen Gesetzen verantwortlich. Nach \u00a7\u00a7 8 bis 10 TMG sind wir als Diensteanbieter jedoch nicht verpflichtet, \u00fcbermittelte oder gespeicherte fremde Informationen zu \u00fcberwachen oder nach Umst\u00e4nden zu forschen, die auf eine rechtswidrige T\u00e4tigkeit hinweisen.<\/p><p>Verpflichtungen zur Entfernung oder Sperrung der Nutzung von Informationen nach den allgemeinen Gesetzen bleiben hiervon unber\u00fchrt. Eine diesbez\u00fcgliche Haftung ist jedoch erst ab dem Zeitpunkt der Kenntnis einer konkreten Rechtsverletzung m\u00f6glich. Bei Bekanntwerden von entsprechenden Rechtsverletzungen werden wir diese Inhalte umgehend entfernen.<\/p><h3>Haftung f\u00fcr Links<\/h3><p>Unser Angebot enth\u00e4lt Links zu externen Websites Dritter, auf deren Inhalte wir keinen Einfluss haben. Deshalb k\u00f6nnen wir f\u00fcr diese fremden Inhalte auch keine Gew\u00e4hr \u00fcbernehmen. F\u00fcr die Inhalte der verlinkten Seiten ist stets der jeweilige Anbieter oder Betreiber der Seiten verantwortlich. Die verlinkten Seiten wurden zum Zeitpunkt der Verlinkung auf m\u00f6gliche Rechtsverst\u00f6\u00dfe \u00fcberpr\u00fcft. Rechtswidrige Inhalte waren zum Zeitpunkt der Verlinkung nicht erkennbar.<\/p><p>Eine permanente inhaltliche Kontrolle der verlinkten Seiten ist jedoch ohne konkrete Anhaltspunkte einer Rechtsverletzung nicht zumutbar. Bei Bekanntwerden von Rechtsverletzungen werden wir derartige Links umgehend entfernen.<\/p><h3>Urheberrecht<\/h3><p>Die durch die Seitenbetreiber erstellten Inhalte und Werke auf diesen Seiten unterliegen dem deutschen Urheberrecht. Die Vervielf\u00e4ltigung, Bearbeitung, Verbreitung und jede Art der Verwertung au\u00dferhalb der Grenzen des Urheberrechtes bed\u00fcrfen der schriftlichen Zustimmung des jeweiligen Autors bzw. Erstellers. Downloads und Kopien dieser Seite sind nur f\u00fcr den privaten, nicht kommerziellen Gebrauch gestattet.<\/p><p>Soweit die Inhalte auf dieser Seite nicht vom Betreiber erstellt wurden, werden die Urheberrechte Dritter beachtet. Insbesondere werden Inhalte Dritter als solche gekennzeichnet. Sollten Sie trotzdem auf eine Urheberrechtsverletzung aufmerksam werden, bitten wir um einen entsprechenden Hinweis. Bei Bekanntwerden von Rechtsverletzungen werden wir derartige Inhalte umgehend entfernen.<\/p>\t\t\t\t\t\t\t\t<\/div>\n\t\t\t\t\t<\/div>\n\t\t<\/div>\n\t\t\t\t<div class=\"elementor-column elementor-col-50 elementor-top-column elementor-element elementor-element-264c61b\" data-id=\"264c61b\" data-element_type=\"column\" data-e-type=\"column\" data-settings=\"{&quot;background_background&quot;:&quot;classic&quot;}\">\n\t\t\t<div class=\"elementor-widget-wrap elementor-element-populated\">\n\t\t\t\t\t\t<div class=\"elementor-element elementor-element-c4581cc elementor-widget elementor-widget-image\" data-id=\"c4581cc\" data-element_type=\"widget\" data-e-type=\"widget\" data-widget_type=\"image.default\">\n\t\t\t\t\t\t\t\t\t\t\t\t<figure class=\"wp-caption\">\n\t\t\t\t\t\t\t\t\t\t\t<a href=\"\/en\/#YasminGoudarzi\">\n\t\t\t\t\t\t\t<img loading=\"lazy\" decoding=\"async\" width=\"214\" height=\"300\" src=\"https:\/\/orient-kontor.com\/wp-content\/uploads\/2020\/08\/yasmin-goudarzi01-214x300.avif\" class=\"attachment-medium size-medium wp-image-1071\" alt=\"Yasmin Goudarzi Gr\u00fcnderin von Orient Kontor\" srcset=\"https:\/\/orient-kontor.com\/wp-content\/uploads\/2020\/08\/yasmin-goudarzi01-214x300.avif 214w, https:\/\/orient-kontor.com\/wp-content\/uploads\/2020\/08\/yasmin-goudarzi01-9x12.avif 9w, https:\/\/orient-kontor.com\/wp-content\/uploads\/2020\/08\/yasmin-goudarzi01.avif 400w\" sizes=\"auto, (max-width: 214px) 100vw, 214px\" \/>\t\t\t\t\t\t\t\t<\/a>\n\t\t\t\t\t\t\t\t\t\t\t<figcaption class=\"widget-image-caption wp-caption-text\">Yasmin Goudarzi: Inhaberin<\/figcaption>\n\t\t\t\t\t\t\t\t\t\t<\/figure>\n\t\t\t\t\t\t\t\t\t<\/div>\n\t\t\t\t\t<\/div>\n\t\t<\/div>\n\t\t\t\t\t<\/div>\n\t\t<\/section>\n\t\t\t\t<\/div>","protected":false},"excerpt":{"rendered":"<p>Impressum der Seite Orient-Kontor.com Angaben gem\u00e4\u00df \u00a7 5 TMG Orient KontorInh. Frau Dr. Yasmin GoudarziHauptstra\u00dfe 4319071 Dalberg Kontakt Telefon: 004917695230787E-Mail: info@orient-kontor.comFacebook: orientkontorInstagram: orient_kontor Umsatzsteuer-ID Umsatzsteuer-Identifikationsnummer gem\u00e4\u00df \u00a7 27 a Umsatzsteuergesetz: DE332323641 Gewerbeanmeldung Die Gewerbeanmeldung nach \u00a714 GewO wurde am 26.09.2019 durch Freie und Hansestadt Hamburg Bezirksamt Altona erteilt. Redaktionell Verantwortlicher Frau Dr. Yasmin GoudarziHauptstra\u00dfe 4319071 [&hellip;]<\/p>\n","protected":false},"author":2,"featured_media":0,"parent":0,"menu_order":0,"comment_status":"closed","ping_status":"closed","template":"","meta":{"footnotes":""},"class_list":["post-466","page","type-page","status-publish","hentry"],"yoast_head":"<!-- This site is optimized with the Yoast SEO plugin v27.4 - https:\/\/yoast.com\/product\/yoast-seo-wordpress\/ -->\n<title>Impressum - Orient Kontor<\/title>\n<meta name=\"description\" content=\"Das Impressum (inkl. Kontakt) f\u00fcr Orient-Kontor.com - Die Seite f\u00fcr fairen und Nachhaltigen Safran direkt aus dem Iran.\" \/>\n<meta name=\"robots\" content=\"noindex, nofollow\" \/>\n<meta property=\"og:locale\" content=\"en_GB\" \/>\n<meta property=\"og:type\" content=\"article\" \/>\n<meta property=\"og:title\" content=\"Impressum - Orient Kontor\" \/>\n<meta property=\"og:description\" content=\"Das Impressum (inkl. Kontakt) f\u00fcr Orient-Kontor.com - Die Seite f\u00fcr fairen und Nachhaltigen Safran direkt aus dem Iran.\" \/>\n<meta property=\"og:url\" content=\"https:\/\/orient-kontor.com\/en\/impressum\/\" \/>\n<meta property=\"og:site_name\" content=\"Orient Kontor\" \/>\n<meta property=\"article:publisher\" content=\"https:\/\/www.facebook.com\/orientkontor\/\" \/>\n<meta property=\"article:modified_time\" content=\"2025-01-27T17:53:26+00:00\" \/>\n<meta name=\"twitter:card\" content=\"summary_large_image\" \/>\n<meta name=\"twitter:label1\" content=\"Estimated reading time\" \/>\n\t<meta name=\"twitter:data1\" content=\"3 minutes\" \/>\n<script type=\"application\/ld+json\" class=\"yoast-schema-graph\">{\"@context\":\"https:\\\/\\\/schema.org\",\"@graph\":[{\"@type\":\"WebPage\",\"@id\":\"https:\\\/\\\/orient-kontor.com\\\/impressum\\\/\",\"url\":\"https:\\\/\\\/orient-kontor.com\\\/impressum\\\/\",\"name\":\"Impressum - Orient Kontor\",\"isPartOf\":{\"@id\":\"https:\\\/\\\/orient-kontor.com\\\/#website\"},\"primaryImageOfPage\":{\"@id\":\"https:\\\/\\\/orient-kontor.com\\\/impressum\\\/#primaryimage\"},\"image\":{\"@id\":\"https:\\\/\\\/orient-kontor.com\\\/impressum\\\/#primaryimage\"},\"thumbnailUrl\":\"https:\\\/\\\/orient-kontor.com\\\/wp-content\\\/uploads\\\/2020\\\/08\\\/yasmin-goudarzi01-214x300.avif\",\"datePublished\":\"2020-02-11T17:10:43+00:00\",\"dateModified\":\"2025-01-27T17:53:26+00:00\",\"description\":\"Das Impressum (inkl. Kontakt) f\u00fcr Orient-Kontor.com - Die Seite f\u00fcr fairen und Nachhaltigen Safran direkt aus dem Iran.\",\"breadcrumb\":{\"@id\":\"https:\\\/\\\/orient-kontor.com\\\/impressum\\\/#breadcrumb\"},\"inLanguage\":\"en-GB\",\"potentialAction\":[{\"@type\":\"ReadAction\",\"target\":[\"https:\\\/\\\/orient-kontor.com\\\/impressum\\\/\"]}]},{\"@type\":\"ImageObject\",\"inLanguage\":\"en-GB\",\"@id\":\"https:\\\/\\\/orient-kontor.com\\\/impressum\\\/#primaryimage\",\"url\":\"https:\\\/\\\/orient-kontor.com\\\/wp-content\\\/uploads\\\/2020\\\/08\\\/yasmin-goudarzi01-214x300.avif\",\"contentUrl\":\"https:\\\/\\\/orient-kontor.com\\\/wp-content\\\/uploads\\\/2020\\\/08\\\/yasmin-goudarzi01-214x300.avif\"},{\"@type\":\"BreadcrumbList\",\"@id\":\"https:\\\/\\\/orient-kontor.com\\\/impressum\\\/#breadcrumb\",\"itemListElement\":[{\"@type\":\"ListItem\",\"position\":1,\"name\":\"Startseite\",\"item\":\"https:\\\/\\\/orient-kontor.com\\\/\"},{\"@type\":\"ListItem\",\"position\":2,\"name\":\"Impressum\"}]},{\"@type\":\"WebSite\",\"@id\":\"https:\\\/\\\/orient-kontor.com\\\/#website\",\"url\":\"https:\\\/\\\/orient-kontor.com\\\/\",\"name\":\"Orient Kontor\",\"description\":\"\",\"publisher\":{\"@id\":\"https:\\\/\\\/orient-kontor.com\\\/#organization\"},\"potentialAction\":[{\"@type\":\"SearchAction\",\"target\":{\"@type\":\"EntryPoint\",\"urlTemplate\":\"https:\\\/\\\/orient-kontor.com\\\/?s={search_term_string}\"},\"query-input\":{\"@type\":\"PropertyValueSpecification\",\"valueRequired\":true,\"valueName\":\"search_term_string\"}}],\"inLanguage\":\"en-GB\"},{\"@type\":\"Organization\",\"@id\":\"https:\\\/\\\/orient-kontor.com\\\/#organization\",\"name\":\"Orient Kontor\",\"url\":\"https:\\\/\\\/orient-kontor.com\\\/\",\"logo\":{\"@type\":\"ImageObject\",\"inLanguage\":\"en-GB\",\"@id\":\"https:\\\/\\\/orient-kontor.com\\\/#\\\/schema\\\/logo\\\/image\\\/\",\"url\":\"https:\\\/\\\/orient-kontor.com\\\/wp-content\\\/uploads\\\/2020\\\/08\\\/orient-kontor-logo.png\",\"contentUrl\":\"https:\\\/\\\/orient-kontor.com\\\/wp-content\\\/uploads\\\/2020\\\/08\\\/orient-kontor-logo.png\",\"width\":800,\"height\":302,\"caption\":\"Orient Kontor\"},\"image\":{\"@id\":\"https:\\\/\\\/orient-kontor.com\\\/#\\\/schema\\\/logo\\\/image\\\/\"},\"sameAs\":[\"https:\\\/\\\/www.facebook.com\\\/orientkontor\\\/\",\"https:\\\/\\\/www.instagram.com\\\/orient_kontor\\\/\"]}]}<\/script>\n<!-- \/ Yoast SEO plugin. -->","yoast_head_json":{"title":"Impressum - Orient Kontor","description":"Das Impressum (inkl. Kontakt) f\u00fcr Orient-Kontor.com - Die Seite f\u00fcr fairen und Nachhaltigen Safran direkt aus dem Iran.","robots":{"index":"noindex","follow":"nofollow"},"og_locale":"en_GB","og_type":"article","og_title":"Impressum - Orient Kontor","og_description":"Das Impressum (inkl. Kontakt) f\u00fcr Orient-Kontor.com - Die Seite f\u00fcr fairen und Nachhaltigen Safran direkt aus dem Iran.","og_url":"https:\/\/orient-kontor.com\/en\/impressum\/","og_site_name":"Orient Kontor","article_publisher":"https:\/\/www.facebook.com\/orientkontor\/","article_modified_time":"2025-01-27T17:53:26+00:00","twitter_card":"summary_large_image","twitter_misc":{"Estimated reading time":"3 minutes"},"schema":{"@context":"https:\/\/schema.org","@graph":[{"@type":"WebPage","@id":"https:\/\/orient-kontor.com\/impressum\/","url":"https:\/\/orient-kontor.com\/impressum\/","name":"Impressum - Orient Kontor","isPartOf":{"@id":"https:\/\/orient-kontor.com\/#website"},"primaryImageOfPage":{"@id":"https:\/\/orient-kontor.com\/impressum\/#primaryimage"},"image":{"@id":"https:\/\/orient-kontor.com\/impressum\/#primaryimage"},"thumbnailUrl":"https:\/\/orient-kontor.com\/wp-content\/uploads\/2020\/08\/yasmin-goudarzi01-214x300.avif","datePublished":"2020-02-11T17:10:43+00:00","dateModified":"2025-01-27T17:53:26+00:00","description":"Das Impressum (inkl. Kontakt) f\u00fcr Orient-Kontor.com - Die Seite f\u00fcr fairen und Nachhaltigen Safran direkt aus dem Iran.","breadcrumb":{"@id":"https:\/\/orient-kontor.com\/impressum\/#breadcrumb"},"inLanguage":"en-GB","potentialAction":[{"@type":"ReadAction","target":["https:\/\/orient-kontor.com\/impressum\/"]}]},{"@type":"ImageObject","inLanguage":"en-GB","@id":"https:\/\/orient-kontor.com\/impressum\/#primaryimage","url":"https:\/\/orient-kontor.com\/wp-content\/uploads\/2020\/08\/yasmin-goudarzi01-214x300.avif","contentUrl":"https:\/\/orient-kontor.com\/wp-content\/uploads\/2020\/08\/yasmin-goudarzi01-214x300.avif"},{"@type":"BreadcrumbList","@id":"https:\/\/orient-kontor.com\/impressum\/#breadcrumb","itemListElement":[{"@type":"ListItem","position":1,"name":"Startseite","item":"https:\/\/orient-kontor.com\/"},{"@type":"ListItem","position":2,"name":"Impressum"}]},{"@type":"WebSite","@id":"https:\/\/orient-kontor.com\/#website","url":"https:\/\/orient-kontor.com\/","name":"Orient Kontor","description":"","publisher":{"@id":"https:\/\/orient-kontor.com\/#organization"},"potentialAction":[{"@type":"SearchAction","target":{"@type":"EntryPoint","urlTemplate":"https:\/\/orient-kontor.com\/?s={search_term_string}"},"query-input":{"@type":"PropertyValueSpecification","valueRequired":true,"valueName":"search_term_string"}}],"inLanguage":"en-GB"},{"@type":"Organization","@id":"https:\/\/orient-kontor.com\/#organization","name":"Orient Kontor","url":"https:\/\/orient-kontor.com\/","logo":{"@type":"ImageObject","inLanguage":"en-GB","@id":"https:\/\/orient-kontor.com\/#\/schema\/logo\/image\/","url":"https:\/\/orient-kontor.com\/wp-content\/uploads\/2020\/08\/orient-kontor-logo.png","contentUrl":"https:\/\/orient-kontor.com\/wp-content\/uploads\/2020\/08\/orient-kontor-logo.png","width":800,"height":302,"caption":"Orient Kontor"},"image":{"@id":"https:\/\/orient-kontor.com\/#\/schema\/logo\/image\/"},"sameAs":["https:\/\/www.facebook.com\/orientkontor\/","https:\/\/www.instagram.com\/orient_kontor\/"]}]}},"_links":{"self":[{"href":"https:\/\/orient-kontor.com\/en\/wp-json\/wp\/v2\/pages\/466","targetHints":{"allow":["GET"]}}],"collection":[{"href":"https:\/\/orient-kontor.com\/en\/wp-json\/wp\/v2\/pages"}],"about":[{"href":"https:\/\/orient-kontor.com\/en\/wp-json\/wp\/v2\/types\/page"}],"author":[{"embeddable":true,"href":"https:\/\/orient-kontor.com\/en\/wp-json\/wp\/v2\/users\/2"}],"replies":[{"embeddable":true,"href":"https:\/\/orient-kontor.com\/en\/wp-json\/wp\/v2\/comments?post=466"}],"version-history":[{"count":0,"href":"https:\/\/orient-kontor.com\/en\/wp-json\/wp\/v2\/pages\/466\/revisions"}],"wp:attachment":[{"href":"https:\/\/orient-kontor.com\/en\/wp-json\/wp\/v2\/media?parent=466"}],"curies":[{"name":"wp","href":"https:\/\/api.w.org\/{rel}","templated":true}]}}