{"id":2790,"date":"2021-03-28T20:06:41","date_gmt":"2021-03-28T18:06:41","guid":{"rendered":"https:\/\/orient-kontor.com\/?page_id=2790"},"modified":"2025-04-30T12:22:22","modified_gmt":"2025-04-30T10:22:22","slug":"qualitaet-sicherstellen","status":"publish","type":"page","link":"https:\/\/orient-kontor.com\/en\/qualitaet-sicherstellen\/","title":{"rendered":"Ensure quality"},"content":{"rendered":"<div data-elementor-type=\"wp-page\" data-elementor-id=\"2790\" class=\"elementor elementor-2790\" data-elementor-post-type=\"page\">\n\t\t\t\t\t\t<section class=\"elementor-section elementor-top-section elementor-element elementor-element-ea4f6eb elementor-section-boxed elementor-section-height-default elementor-section-height-default\" data-id=\"ea4f6eb\" data-element_type=\"section\" data-e-type=\"section\" data-settings=\"{&quot;background_background&quot;:&quot;classic&quot;,&quot;shape_divider_top&quot;:&quot;mountains&quot;}\">\n\t\t\t\t\t<div class=\"elementor-shape elementor-shape-top\" aria-hidden=\"true\" data-negative=\"false\">\n\t\t\t<svg xmlns=\"http:\/\/www.w3.org\/2000\/svg\" viewbox=\"0 0 1000 100\" preserveaspectratio=\"none\">\n\t<path class=\"elementor-shape-fill\" opacity=\"0.33\" d=\"M473,67.3c-203.9,88.3-263.1-34-320.3,0C66,119.1,0,59.7,0,59.7V0h1000v59.7 c0,0-62.1,26.1-94.9,29.3c-32.8,3.3-62.8-12.3-75.8-22.1C806,49.6,745.3,8.7,694.9,4.7S492.4,59,473,67.3z\"\/>\n\t<path class=\"elementor-shape-fill\" opacity=\"0.66\" d=\"M734,67.3c-45.5,0-77.2-23.2-129.1-39.1c-28.6-8.7-150.3-10.1-254,39.1 s-91.7-34.4-149.2,0C115.7,118.3,0,39.8,0,39.8V0h1000v36.5c0,0-28.2-18.5-92.1-18.5C810.2,18.1,775.7,67.3,734,67.3z\"\/>\n\t<path class=\"elementor-shape-fill\" d=\"M766.1,28.9c-200-57.5-266,65.5-395.1,19.5C242,1.8,242,5.4,184.8,20.6C128,35.8,132.3,44.9,89.9,52.5C28.6,63.7,0,0,0,0 h1000c0,0-9.9,40.9-83.6,48.1S829.6,47,766.1,28.9z\"\/>\n<\/svg>\t\t<\/div>\n\t\t\t\t\t<div class=\"elementor-container elementor-column-gap-default\">\n\t\t\t\t\t<div class=\"elementor-column elementor-col-25 elementor-top-column elementor-element elementor-element-e8092fd\" data-id=\"e8092fd\" data-element_type=\"column\" data-e-type=\"column\" data-settings=\"{&quot;background_background&quot;:&quot;gradient&quot;}\">\n\t\t\t<div class=\"elementor-widget-wrap elementor-element-populated\">\n\t\t\t\t\t\t<div class=\"elementor-element elementor-element-49da5c6 elementor-view-default elementor-position-block-start elementor-mobile-position-block-start elementor-widget elementor-widget-icon-box\" data-id=\"49da5c6\" data-element_type=\"widget\" data-e-type=\"widget\" data-widget_type=\"icon-box.default\">\n\t\t\t\t\t\t\t<div class=\"elementor-icon-box-wrapper\">\n\n\t\t\t\t\t\t<div class=\"elementor-icon-box-icon\">\n\t\t\t\t<a href=\"\/en\/qualitaet-sicherstellen\/\" class=\"elementor-icon\" tabindex=\"-1\" aria-label=\"&lt;b&gt;quality&lt;\/b&gt;&lt;br&gt;ensure\">\n\t\t\t\t<svg aria-hidden=\"true\" class=\"e-font-icon-svg e-fas-medal\" viewbox=\"0 0 512 512\" xmlns=\"http:\/\/www.w3.org\/2000\/svg\"><path d=\"M223.75 130.75L154.62 15.54A31.997 31.997 0 0 0 127.18 0H16.03C3.08 0-4.5 14.57 2.92 25.18l111.27 158.96c29.72-27.77 67.52-46.83 109.56-53.39zM495.97 0H384.82c-11.24 0-21.66 5.9-27.44 15.54l-69.13 115.21c42.04 6.56 79.84 25.62 109.56 53.38L509.08 25.18C516.5 14.57 508.92 0 495.97 0zM256 160c-97.2 0-176 78.8-176 176s78.8 176 176 176 176-78.8 176-176-78.8-176-176-176zm92.52 157.26l-37.93 36.96 8.97 52.22c1.6 9.36-8.26 16.51-16.65 12.09L256 393.88l-46.9 24.65c-8.4 4.45-18.25-2.74-16.65-12.09l8.97-52.22-37.93-36.96c-6.82-6.64-3.05-18.23 6.35-19.59l52.43-7.64 23.43-47.52c2.11-4.28 6.19-6.39 10.28-6.39 4.11 0 8.22 2.14 10.33 6.39l23.43 47.52 52.43 7.64c9.4 1.36 13.17 12.95 6.35 19.59z\"><\/path><\/svg>\t\t\t\t<\/a>\n\t\t\t<\/div>\n\t\t\t\n\t\t\t\t\t\t<div class=\"elementor-icon-box-content\">\n\n\t\t\t\t\t\t\t\t\t<h2 class=\"elementor-icon-box-title\">\n\t\t\t\t\t\t<a href=\"\/en\/qualitaet-sicherstellen\/\" >\n\t\t\t\t\t\t\t<b>quality<\/b><br>ensure\t\t\t\t\t\t<\/a>\n\t\t\t\t\t<\/h2>\n\t\t\t\t\n\t\t\t\t\n\t\t\t<\/div>\n\t\t\t\n\t\t<\/div>\n\t\t\t\t\t\t<\/div>\n\t\t\t\t\t<\/div>\n\t\t<\/div>\n\t\t\t\t<div class=\"elementor-column elementor-col-25 elementor-top-column elementor-element elementor-element-5c94aff\" data-id=\"5c94aff\" data-element_type=\"column\" data-e-type=\"column\" data-settings=\"{&quot;background_background&quot;:&quot;classic&quot;}\">\n\t\t\t<div class=\"elementor-widget-wrap elementor-element-populated\">\n\t\t\t\t\t\t<div class=\"elementor-element elementor-element-1eea6dc elementor-view-default elementor-position-block-start elementor-mobile-position-block-start elementor-widget elementor-widget-icon-box\" data-id=\"1eea6dc\" data-element_type=\"widget\" data-e-type=\"widget\" data-widget_type=\"icon-box.default\">\n\t\t\t\t\t\t\t<div class=\"elementor-icon-box-wrapper\">\n\n\t\t\t\t\t\t<div class=\"elementor-icon-box-icon\">\n\t\t\t\t<a href=\"\/en\/fairness-foerdern\/\" class=\"elementor-icon\" tabindex=\"-1\" aria-label=\"&lt;b&gt;Fairness&lt;\/b&gt;&lt;br&gt;promote\">\n\t\t\t\t<svg aria-hidden=\"true\" class=\"e-font-icon-svg e-far-handshake\" viewbox=\"0 0 640 512\" xmlns=\"http:\/\/www.w3.org\/2000\/svg\"><path d=\"M519.2 127.9l-47.6-47.6A56.252 56.252 0 0 0 432 64H205.2c-14.8 0-29.1 5.9-39.6 16.3L118 127.9H0v255.7h64c17.6 0 31.8-14.2 31.9-31.7h9.1l84.6 76.4c30.9 25.1 73.8 25.7 105.6 3.8 12.5 10.8 26 15.9 41.1 15.9 18.2 0 35.3-7.4 48.8-24 22.1 8.7 48.2 2.6 64-16.8l26.2-32.3c5.6-6.9 9.1-14.8 10.9-23h57.9c.1 17.5 14.4 31.7 31.9 31.7h64V127.9H519.2zM48 351.6c-8.8 0-16-7.2-16-16s7.2-16 16-16 16 7.2 16 16c0 8.9-7.2 16-16 16zm390-6.9l-26.1 32.2c-2.8 3.4-7.8 4-11.3 1.2l-23.9-19.4-30 36.5c-6 7.3-15 4.8-18 2.4l-36.8-31.5-15.6 19.2c-13.9 17.1-39.2 19.7-55.3 6.6l-97.3-88H96V175.8h41.9l61.7-61.6c2-.8 3.7-1.5 5.7-2.3H262l-38.7 35.5c-29.4 26.9-31.1 72.3-4.4 101.3 14.8 16.2 61.2 41.2 101.5 4.4l8.2-7.5 108.2 87.8c3.4 2.8 3.9 7.9 1.2 11.3zm106-40.8h-69.2c-2.3-2.8-4.9-5.4-7.7-7.7l-102.7-83.4 12.5-11.4c6.5-6 7-16.1 1-22.6L367 167.1c-6-6.5-16.1-6.9-22.6-1l-55.2 50.6c-9.5 8.7-25.7 9.4-34.6 0-9.3-9.9-8.5-25.1 1.2-33.9l65.6-60.1c7.4-6.8 17-10.5 27-10.5l83.7-.2c2.1 0 4.1.8 5.5 2.3l61.7 61.6H544v128zm48 47.7c-8.8 0-16-7.2-16-16s7.2-16 16-16 16 7.2 16 16c0 8.9-7.2 16-16 16z\"><\/path><\/svg>\t\t\t\t<\/a>\n\t\t\t<\/div>\n\t\t\t\n\t\t\t\t\t\t<div class=\"elementor-icon-box-content\">\n\n\t\t\t\t\t\t\t\t\t<h2 class=\"elementor-icon-box-title\">\n\t\t\t\t\t\t<a href=\"\/en\/fairness-foerdern\/\" >\n\t\t\t\t\t\t\t<b>Fairness<\/b><br>promote\t\t\t\t\t\t<\/a>\n\t\t\t\t\t<\/h2>\n\t\t\t\t\n\t\t\t\t\n\t\t\t<\/div>\n\t\t\t\n\t\t<\/div>\n\t\t\t\t\t\t<\/div>\n\t\t\t\t\t<\/div>\n\t\t<\/div>\n\t\t\t\t<div class=\"elementor-column elementor-col-25 elementor-top-column elementor-element elementor-element-fca67b6\" data-id=\"fca67b6\" data-element_type=\"column\" data-e-type=\"column\">\n\t\t\t<div class=\"elementor-widget-wrap elementor-element-populated\">\n\t\t\t\t\t\t<div class=\"elementor-element elementor-element-ba49224 elementor-view-default elementor-position-block-start elementor-mobile-position-block-start elementor-widget elementor-widget-icon-box\" data-id=\"ba49224\" data-element_type=\"widget\" data-e-type=\"widget\" data-widget_type=\"icon-box.default\">\n\t\t\t\t\t\t\t<div class=\"elementor-icon-box-wrapper\">\n\n\t\t\t\t\t\t<div class=\"elementor-icon-box-icon\">\n\t\t\t\t<a href=\"\/en\/nachhaltig-wirtschaften\/\" class=\"elementor-icon\" tabindex=\"-1\" aria-label=\"&lt;b&gt;Sustainable&lt;\/b&gt;&lt;br&gt;economise\">\n\t\t\t\t<svg aria-hidden=\"true\" class=\"e-font-icon-svg e-fas-leaf\" viewbox=\"0 0 576 512\" xmlns=\"http:\/\/www.w3.org\/2000\/svg\"><path d=\"M546.2 9.7c-5.6-12.5-21.6-13-28.3-1.2C486.9 62.4 431.4 96 368 96h-80C182 96 96 182 96 288c0 7 .8 13.7 1.5 20.5C161.3 262.8 253.4 224 384 224c8.8 0 16 7.2 16 16s-7.2 16-16 16C132.6 256 26 410.1 2.4 468c-6.6 16.3 1.2 34.9 17.5 41.6 16.4 6.8 35-1.1 41.8-17.3 1.5-3.6 20.9-47.9 71.9-90.6 32.4 43.9 94 85.8 174.9 77.2C465.5 467.5 576 326.7 576 154.3c0-50.2-10.8-102.2-29.8-144.6z\"><\/path><\/svg>\t\t\t\t<\/a>\n\t\t\t<\/div>\n\t\t\t\n\t\t\t\t\t\t<div class=\"elementor-icon-box-content\">\n\n\t\t\t\t\t\t\t\t\t<h2 class=\"elementor-icon-box-title\">\n\t\t\t\t\t\t<a href=\"\/en\/nachhaltig-wirtschaften\/\" >\n\t\t\t\t\t\t\t<b>Sustainable<\/b><br>economise\t\t\t\t\t\t<\/a>\n\t\t\t\t\t<\/h2>\n\t\t\t\t\n\t\t\t\t\n\t\t\t<\/div>\n\t\t\t\n\t\t<\/div>\n\t\t\t\t\t\t<\/div>\n\t\t\t\t\t<\/div>\n\t\t<\/div>\n\t\t\t\t<div class=\"elementor-column elementor-col-25 elementor-top-column elementor-element elementor-element-c0b614c\" data-id=\"c0b614c\" data-element_type=\"column\" data-e-type=\"column\">\n\t\t\t<div class=\"elementor-widget-wrap elementor-element-populated\">\n\t\t\t\t\t\t<div class=\"elementor-element elementor-element-b77ff8d elementor-view-default elementor-position-block-start elementor-mobile-position-block-start elementor-widget elementor-widget-icon-box\" data-id=\"b77ff8d\" data-element_type=\"widget\" data-e-type=\"widget\" data-widget_type=\"icon-box.default\">\n\t\t\t\t\t\t\t<div class=\"elementor-icon-box-wrapper\">\n\n\t\t\t\t\t\t<div class=\"elementor-icon-box-icon\">\n\t\t\t\t<a href=\"\/en\/kultur-vermitteln\/\" class=\"elementor-icon\" tabindex=\"-1\" aria-label=\"&lt;b&gt;Culture&lt;\/b&gt;&lt;br&gt;mediate\">\n\t\t\t\t<svg aria-hidden=\"true\" class=\"e-font-icon-svg e-fas-mosque\" viewbox=\"0 0 640 512\" xmlns=\"http:\/\/www.w3.org\/2000\/svg\"><path d=\"M0 480c0 17.67 14.33 32 32 32h64c17.67 0 32-14.33 32-32V160H0v320zm579.16-192c17.86-17.39 28.84-37.34 28.84-58.91 0-52.86-41.79-93.79-87.92-122.9-41.94-26.47-80.63-57.77-111.96-96.22L400 0l-8.12 9.97c-31.33 38.45-70.01 69.76-111.96 96.22C233.79 135.3 192 176.23 192 229.09c0 21.57 10.98 41.52 28.84 58.91h358.32zM608 320H192c-17.67 0-32 14.33-32 32v128c0 17.67 14.33 32 32 32h32v-64c0-17.67 14.33-32 32-32s32 14.33 32 32v64h64v-72c0-48 48-72 48-72s48 24 48 72v72h64v-64c0-17.67 14.33-32 32-32s32 14.33 32 32v64h32c17.67 0 32-14.33 32-32V352c0-17.67-14.33-32-32-32zM64 0S0 32 0 96v32h128V96c0-64-64-96-64-96z\"><\/path><\/svg>\t\t\t\t<\/a>\n\t\t\t<\/div>\n\t\t\t\n\t\t\t\t\t\t<div class=\"elementor-icon-box-content\">\n\n\t\t\t\t\t\t\t\t\t<h2 class=\"elementor-icon-box-title\">\n\t\t\t\t\t\t<a href=\"\/en\/kultur-vermitteln\/\" >\n\t\t\t\t\t\t\t<b>Culture<\/b><br>mediate\t\t\t\t\t\t<\/a>\n\t\t\t\t\t<\/h2>\n\t\t\t\t\n\t\t\t\t\n\t\t\t<\/div>\n\t\t\t\n\t\t<\/div>\n\t\t\t\t\t\t<\/div>\n\t\t\t\t\t<\/div>\n\t\t<\/div>\n\t\t\t\t\t<\/div>\n\t\t<\/section>\n\t\t\t\t<section class=\"elementor-section elementor-top-section elementor-element elementor-element-46e68ad elementor-section-boxed elementor-section-height-default elementor-section-height-default\" data-id=\"46e68ad\" data-element_type=\"section\" data-e-type=\"section\" data-settings=\"{&quot;background_background&quot;:&quot;classic&quot;}\">\n\t\t\t\t\t\t<div class=\"elementor-container elementor-column-gap-default\">\n\t\t\t\t\t<div class=\"elementor-column elementor-col-100 elementor-top-column elementor-element elementor-element-af5ca34\" data-id=\"af5ca34\" data-element_type=\"column\" data-e-type=\"column\" data-settings=\"{&quot;background_background&quot;:&quot;classic&quot;}\">\n\t\t\t<div class=\"elementor-widget-wrap elementor-element-populated\">\n\t\t\t\t\t\t<div class=\"elementor-element elementor-element-1e49e91 elementor-widget elementor-widget-heading\" data-id=\"1e49e91\" data-element_type=\"widget\" data-e-type=\"widget\" data-widget_type=\"heading.default\">\n\t\t\t\t\t<h1 class=\"elementor-heading-title elementor-size-default\">Ensure quality<\/h1>\t\t\t\t<\/div>\n\t\t\t\t<div class=\"elementor-element elementor-element-9056aa6 elementor-widget elementor-widget-text-editor\" data-id=\"9056aa6\" data-element_type=\"widget\" data-e-type=\"widget\" data-widget_type=\"text-editor.default\">\n\t\t\t\t\t\t\t\t\t<p>Der heutige Lebensmittelmarkt ist riesig, international und gut vernetzt. Dies f\u00fchrt dazu, dass wir in hiesigen Superm\u00e4rkten nicht-heimische Lebensmittel kaufen k\u00f6nnen, welche sogar zu sehr erschwinglichen Preisen angeboten werden. F\u00fcr diese Produktvielfalt werden viele Lebensmittel importiert, international gehandelt, oft vermischt und an diversen Standorten weiterverarbeitet. Dadurch ist es f\u00fcr Sie, die Verbraucher:innen, h\u00e4ufig nicht mehr nachzuvollziehen, wo Ihre Lebensmittel ihren Ursprung haben. Dar\u00fcber hinaus f\u00fchrt eine Vielzahl an Lebensmittelproduzenten auch zu einer starken Varianz bei der Handhabung der Umwelt- und Hygienestandards, sowie der Lebensmittelethik.\u00a0 Zudem sind die Gesetze in vielen L\u00e4ndern weniger streng und weniger reguliert als hier in der Bundesrepublik und in Europa. Nicht selten f\u00fchrt dies dazu, dass F\u00e4lscher sich motiviert f\u00fchlen Lebensmittel so zu ver\u00e4ndern, dass es f\u00fcr die Verbraucher:innen nachteilig ist. Honig, Oliven\u00f6l, Alkohol, Wein, aber auch Gew\u00fcrze sind in den Top 10 der am h\u00e4ufigsten gef\u00e4lschten Lebensmittel. Auch Safran, welcher nicht ohne Grund als das \u201erote Gold\u201c bezeichnet wird, ist davon betroffen.<\/p><p>Nat\u00fcrlich achten wir bei all unseren Produkten auf eine durchweg erstklassige Qualit\u00e4t. Da wir auf Zwischenh\u00e4ndler verzichten und direkt mit den Erzeugern zusammenarbeiten, wissen wir woher unsere Produkte stammen. Aufgrund der hohen F\u00e4lschungsrate beim Safrann m\u00f6chten wir dennoch dazu einige Hinweise geben.<\/p><p>Um zu garantieren, dass unser Safran nicht nur echter Safran ist, sondern auch die Bezeichnung \u201eSuper-Negin-Safran\u201c als h\u00f6chstm\u00f6gliche Qualit\u00e4tsstufe verdient, arbeiten wir mit einem Lebensmittellabor aus Hamburg zusammen. Nat\u00fcrlich vertrauen wir unseren kooperierenden Bauern im Iran. Jedoch m\u00f6chten wir durch die Qualit\u00e4tspr\u00fcfung Ihnen und uns eine Absicherung erm\u00f6glichen. Dar\u00fcber hinaus erlauben die Analysen uns die genaue Zusammensetzung der jeweiligen Ernte zu ermitteln, denn auch beim Safran gibt es gute und weniger gute Erntejahre. So k\u00f6nnen wir sichergehen, dass jede Charge unseren hohen Qualit\u00e4tsstandards entspricht. Zudem ist jede Dose Safran durch das Haltsbarkeitsdatum einer Charge zuzuordnen, sodass im Falle einer Reklamierung eine R\u00fcckverfolgung m\u00f6glich ist.<\/p><p>Um Ihnen als Verbraucher:in die Sicherheit zu geben, gef\u00e4lschten oder minderwertigen Safran zu erkennen, sind hier noch einige Tipps:<\/p><ul><li>Es ist immer besser Safran in seiner urspr\u00fcnglichen Form (in F\u00e4den) zu kaufen und von Safranpulver abzusehen. Safranf\u00e4den kann man ohne Weiteres zu Hause mit Hilfe eines M\u00f6rsers zu Pulver mahlen. Gekauftes Safranpulver kann dagegen leicht mit z.B. gef\u00e4rbtem Kurkuma \u201egestreckt\u201c werden. Kurkuma ist um einiges g\u00fcnstiger. Es gibt \u00e4hnlich wie Safran eine gelbe Farbe ab und ist daher beliebt bei F\u00e4lschungen. Um zu pr\u00fcfen, ob das eigene Safranpulver gef\u00e4lscht ist, kann man es mit einer Natronlauge mischen. Bleibt das Gemisch gelb, dann handelt sich um echten Safran. F\u00e4rbt sich das Ganze rot oder wird tr\u00fcbe, dann kann davon ausgegangen werden, dass sich Kurkuma in dem Pulver befindet.<\/li><li>When buying saffron threads, they should be examined as closely as possible to ensure that they really are threads, i.e. the pistils. Sometimes rolled-up leaves of safflower are used as a fake. These have nothing in common with saffron and are useless as a spice. In online shops, you should look out for detailed product photos and certificates from test reports in advance.<\/li><li>Saffron has an aromatic, penetrating odour and tastes very tart and bitter. To determine the freshness of saffron, you can put the threads in a glass of lukewarm water. If the threads swell and give off their distinctive yellow colour, then it is fresh saffron. Old threads do not swell and give off less or no colour.<\/li><\/ul><p>If you are not satisfied with the quality of our saffron or have any doubts, please do not hesitate to contact us. We will be happy to talk to you.<\/p>\t\t\t\t\t\t\t\t<\/div>\n\t\t\t\t\t<\/div>\n\t\t<\/div>\n\t\t\t\t\t<\/div>\n\t\t<\/section>\n\t\t\t\t<\/div>","protected":false},"excerpt":{"rendered":"<p>Qualit\u00e4tsicherstellen Fairnessf\u00f6rdern Nachhaltigwirtschaften Kulturvermitteln Qualit\u00e4t sicherstellen Der heutige Lebensmittelmarkt ist riesig, international und gut vernetzt. Dies f\u00fchrt dazu, dass wir in hiesigen Superm\u00e4rkten nicht-heimische Lebensmittel kaufen k\u00f6nnen, welche sogar zu sehr erschwinglichen Preisen angeboten werden. F\u00fcr diese Produktvielfalt werden viele Lebensmittel importiert, international gehandelt, oft vermischt und an diversen Standorten weiterverarbeitet. Dadurch ist es f\u00fcr [&hellip;]<\/p>\n","protected":false},"author":2,"featured_media":0,"parent":0,"menu_order":0,"comment_status":"closed","ping_status":"closed","template":"","meta":{"footnotes":""},"class_list":["post-2790","page","type-page","status-publish","hentry"],"yoast_head":"<!-- This site is optimized with the Yoast SEO plugin v27.5 - https:\/\/yoast.com\/product\/yoast-seo-wordpress\/ -->\n<title>Qualit\u00e4t sicherstellen - Orient Kontor<\/title>\n<meta name=\"robots\" content=\"index, follow, max-snippet:-1, max-image-preview:large, max-video-preview:-1\" \/>\n<link rel=\"canonical\" href=\"https:\/\/orient-kontor.com\/en\/qualitaet-sicherstellen\/\" \/>\n<meta property=\"og:locale\" content=\"en_GB\" \/>\n<meta property=\"og:type\" content=\"article\" \/>\n<meta property=\"og:title\" content=\"Qualit\u00e4t sicherstellen - Orient Kontor\" \/>\n<meta property=\"og:description\" content=\"Qualit\u00e4tsicherstellen Fairnessf\u00f6rdern Nachhaltigwirtschaften Kulturvermitteln Qualit\u00e4t sicherstellen Der heutige Lebensmittelmarkt ist riesig, international und gut vernetzt. Dies f\u00fchrt dazu, dass wir in hiesigen Superm\u00e4rkten nicht-heimische Lebensmittel kaufen k\u00f6nnen, welche sogar zu sehr erschwinglichen Preisen angeboten werden. F\u00fcr diese Produktvielfalt werden viele Lebensmittel importiert, international gehandelt, oft vermischt und an diversen Standorten weiterverarbeitet. Dadurch ist es f\u00fcr [&hellip;]\" \/>\n<meta property=\"og:url\" content=\"https:\/\/orient-kontor.com\/en\/qualitaet-sicherstellen\/\" \/>\n<meta property=\"og:site_name\" content=\"Orient Kontor\" \/>\n<meta property=\"article:publisher\" content=\"https:\/\/www.facebook.com\/orientkontor\/\" \/>\n<meta property=\"article:modified_time\" content=\"2025-04-30T10:22:22+00:00\" \/>\n<meta name=\"twitter:card\" content=\"summary_large_image\" \/>\n<meta name=\"twitter:label1\" content=\"Estimated reading time\" \/>\n\t<meta name=\"twitter:data1\" content=\"3 minutes\" \/>\n<script type=\"application\/ld+json\" class=\"yoast-schema-graph\">{\"@context\":\"https:\\\/\\\/schema.org\",\"@graph\":[{\"@type\":\"WebPage\",\"@id\":\"https:\\\/\\\/orient-kontor.com\\\/qualitaet-sicherstellen\\\/\",\"url\":\"https:\\\/\\\/orient-kontor.com\\\/qualitaet-sicherstellen\\\/\",\"name\":\"Qualit\u00e4t sicherstellen - Orient Kontor\",\"isPartOf\":{\"@id\":\"https:\\\/\\\/orient-kontor.com\\\/#website\"},\"datePublished\":\"2021-03-28T18:06:41+00:00\",\"dateModified\":\"2025-04-30T10:22:22+00:00\",\"breadcrumb\":{\"@id\":\"https:\\\/\\\/orient-kontor.com\\\/qualitaet-sicherstellen\\\/#breadcrumb\"},\"inLanguage\":\"en-GB\",\"potentialAction\":[{\"@type\":\"ReadAction\",\"target\":[\"https:\\\/\\\/orient-kontor.com\\\/qualitaet-sicherstellen\\\/\"]}]},{\"@type\":\"BreadcrumbList\",\"@id\":\"https:\\\/\\\/orient-kontor.com\\\/qualitaet-sicherstellen\\\/#breadcrumb\",\"itemListElement\":[{\"@type\":\"ListItem\",\"position\":1,\"name\":\"Startseite\",\"item\":\"https:\\\/\\\/orient-kontor.com\\\/\"},{\"@type\":\"ListItem\",\"position\":2,\"name\":\"Qualit\u00e4t sicherstellen\"}]},{\"@type\":\"WebSite\",\"@id\":\"https:\\\/\\\/orient-kontor.com\\\/#website\",\"url\":\"https:\\\/\\\/orient-kontor.com\\\/\",\"name\":\"Orient Kontor\",\"description\":\"\",\"publisher\":{\"@id\":\"https:\\\/\\\/orient-kontor.com\\\/#organization\"},\"potentialAction\":[{\"@type\":\"SearchAction\",\"target\":{\"@type\":\"EntryPoint\",\"urlTemplate\":\"https:\\\/\\\/orient-kontor.com\\\/?s={search_term_string}\"},\"query-input\":{\"@type\":\"PropertyValueSpecification\",\"valueRequired\":true,\"valueName\":\"search_term_string\"}}],\"inLanguage\":\"en-GB\"},{\"@type\":\"Organization\",\"@id\":\"https:\\\/\\\/orient-kontor.com\\\/#organization\",\"name\":\"Orient Kontor\",\"url\":\"https:\\\/\\\/orient-kontor.com\\\/\",\"logo\":{\"@type\":\"ImageObject\",\"inLanguage\":\"en-GB\",\"@id\":\"https:\\\/\\\/orient-kontor.com\\\/#\\\/schema\\\/logo\\\/image\\\/\",\"url\":\"https:\\\/\\\/orient-kontor.com\\\/wp-content\\\/uploads\\\/2020\\\/08\\\/orient-kontor-logo.png\",\"contentUrl\":\"https:\\\/\\\/orient-kontor.com\\\/wp-content\\\/uploads\\\/2020\\\/08\\\/orient-kontor-logo.png\",\"width\":800,\"height\":302,\"caption\":\"Orient Kontor\"},\"image\":{\"@id\":\"https:\\\/\\\/orient-kontor.com\\\/#\\\/schema\\\/logo\\\/image\\\/\"},\"sameAs\":[\"https:\\\/\\\/www.facebook.com\\\/orientkontor\\\/\",\"https:\\\/\\\/www.instagram.com\\\/orient_kontor\\\/\"]}]}<\/script>\n<!-- \/ Yoast SEO plugin. -->","yoast_head_json":{"title":"Qualit\u00e4t sicherstellen - Orient Kontor","robots":{"index":"index","follow":"follow","max-snippet":"max-snippet:-1","max-image-preview":"max-image-preview:large","max-video-preview":"max-video-preview:-1"},"canonical":"https:\/\/orient-kontor.com\/en\/qualitaet-sicherstellen\/","og_locale":"en_GB","og_type":"article","og_title":"Qualit\u00e4t sicherstellen - Orient Kontor","og_description":"Qualit\u00e4tsicherstellen Fairnessf\u00f6rdern Nachhaltigwirtschaften Kulturvermitteln Qualit\u00e4t sicherstellen Der heutige Lebensmittelmarkt ist riesig, international und gut vernetzt. Dies f\u00fchrt dazu, dass wir in hiesigen Superm\u00e4rkten nicht-heimische Lebensmittel kaufen k\u00f6nnen, welche sogar zu sehr erschwinglichen Preisen angeboten werden. F\u00fcr diese Produktvielfalt werden viele Lebensmittel importiert, international gehandelt, oft vermischt und an diversen Standorten weiterverarbeitet. Dadurch ist es f\u00fcr [&hellip;]","og_url":"https:\/\/orient-kontor.com\/en\/qualitaet-sicherstellen\/","og_site_name":"Orient Kontor","article_publisher":"https:\/\/www.facebook.com\/orientkontor\/","article_modified_time":"2025-04-30T10:22:22+00:00","twitter_card":"summary_large_image","twitter_misc":{"Estimated reading time":"3 minutes"},"schema":{"@context":"https:\/\/schema.org","@graph":[{"@type":"WebPage","@id":"https:\/\/orient-kontor.com\/qualitaet-sicherstellen\/","url":"https:\/\/orient-kontor.com\/qualitaet-sicherstellen\/","name":"Qualit\u00e4t sicherstellen - Orient Kontor","isPartOf":{"@id":"https:\/\/orient-kontor.com\/#website"},"datePublished":"2021-03-28T18:06:41+00:00","dateModified":"2025-04-30T10:22:22+00:00","breadcrumb":{"@id":"https:\/\/orient-kontor.com\/qualitaet-sicherstellen\/#breadcrumb"},"inLanguage":"en-GB","potentialAction":[{"@type":"ReadAction","target":["https:\/\/orient-kontor.com\/qualitaet-sicherstellen\/"]}]},{"@type":"BreadcrumbList","@id":"https:\/\/orient-kontor.com\/qualitaet-sicherstellen\/#breadcrumb","itemListElement":[{"@type":"ListItem","position":1,"name":"Startseite","item":"https:\/\/orient-kontor.com\/"},{"@type":"ListItem","position":2,"name":"Qualit\u00e4t sicherstellen"}]},{"@type":"WebSite","@id":"https:\/\/orient-kontor.com\/#website","url":"https:\/\/orient-kontor.com\/","name":"Orient Kontor","description":"","publisher":{"@id":"https:\/\/orient-kontor.com\/#organization"},"potentialAction":[{"@type":"SearchAction","target":{"@type":"EntryPoint","urlTemplate":"https:\/\/orient-kontor.com\/?s={search_term_string}"},"query-input":{"@type":"PropertyValueSpecification","valueRequired":true,"valueName":"search_term_string"}}],"inLanguage":"en-GB"},{"@type":"Organization","@id":"https:\/\/orient-kontor.com\/#organization","name":"Orient Kontor","url":"https:\/\/orient-kontor.com\/","logo":{"@type":"ImageObject","inLanguage":"en-GB","@id":"https:\/\/orient-kontor.com\/#\/schema\/logo\/image\/","url":"https:\/\/orient-kontor.com\/wp-content\/uploads\/2020\/08\/orient-kontor-logo.png","contentUrl":"https:\/\/orient-kontor.com\/wp-content\/uploads\/2020\/08\/orient-kontor-logo.png","width":800,"height":302,"caption":"Orient Kontor"},"image":{"@id":"https:\/\/orient-kontor.com\/#\/schema\/logo\/image\/"},"sameAs":["https:\/\/www.facebook.com\/orientkontor\/","https:\/\/www.instagram.com\/orient_kontor\/"]}]}},"_links":{"self":[{"href":"https:\/\/orient-kontor.com\/en\/wp-json\/wp\/v2\/pages\/2790","targetHints":{"allow":["GET"]}}],"collection":[{"href":"https:\/\/orient-kontor.com\/en\/wp-json\/wp\/v2\/pages"}],"about":[{"href":"https:\/\/orient-kontor.com\/en\/wp-json\/wp\/v2\/types\/page"}],"author":[{"embeddable":true,"href":"https:\/\/orient-kontor.com\/en\/wp-json\/wp\/v2\/users\/2"}],"replies":[{"embeddable":true,"href":"https:\/\/orient-kontor.com\/en\/wp-json\/wp\/v2\/comments?post=2790"}],"version-history":[{"count":0,"href":"https:\/\/orient-kontor.com\/en\/wp-json\/wp\/v2\/pages\/2790\/revisions"}],"wp:attachment":[{"href":"https:\/\/orient-kontor.com\/en\/wp-json\/wp\/v2\/media?parent=2790"}],"curies":[{"name":"wp","href":"https:\/\/api.w.org\/{rel}","templated":true}]}}