{"id":1573,"date":"2020-10-06T14:17:43","date_gmt":"2020-10-06T12:17:43","guid":{"rendered":"https:\/\/orient-kontor.com\/versandarten\/"},"modified":"2025-01-22T20:40:56","modified_gmt":"2025-01-22T19:40:56","slug":"versand-zahlung","status":"publish","type":"page","link":"https:\/\/orient-kontor.com\/en\/versand-zahlung\/","title":{"rendered":"Versand- und Zahlungsarten"},"content":{"rendered":"<div data-elementor-type=\"wp-page\" data-elementor-id=\"1573\" class=\"elementor elementor-1573\" data-elementor-post-type=\"page\">\n\t\t\t\t\t\t<section class=\"elementor-section elementor-top-section elementor-element elementor-element-95b3ea4 elementor-section-full_width elementor-section-height-default elementor-section-height-default\" data-id=\"95b3ea4\" data-element_type=\"section\" data-e-type=\"section\" data-settings=\"{&quot;background_background&quot;:&quot;classic&quot;}\">\n\t\t\t\t\t\t<div class=\"elementor-container elementor-column-gap-default\">\n\t\t\t\t\t<div class=\"elementor-column elementor-col-100 elementor-top-column elementor-element elementor-element-94d39d9\" data-id=\"94d39d9\" data-element_type=\"column\" data-e-type=\"column\">\n\t\t\t<div class=\"elementor-widget-wrap elementor-element-populated\">\n\t\t\t\t\t\t<div class=\"elementor-element elementor-element-3802476 elementor-widget elementor-widget-heading\" data-id=\"3802476\" data-element_type=\"widget\" data-e-type=\"widget\" data-widget_type=\"heading.default\">\n\t\t\t\t\t<h1 class=\"elementor-heading-title elementor-size-default\">Overview of our shipping costs and payment methods<\/h1>\t\t\t\t<\/div>\n\t\t\t\t\t<\/div>\n\t\t<\/div>\n\t\t\t\t\t<\/div>\n\t\t<\/section>\n\t\t\t\t<section class=\"elementor-section elementor-top-section elementor-element elementor-element-b51bc06 elementor-section-stretched elementor-section-boxed elementor-section-height-default elementor-section-height-default\" data-id=\"b51bc06\" data-element_type=\"section\" data-e-type=\"section\" data-settings=\"{&quot;stretch_section&quot;:&quot;section-stretched&quot;,&quot;shape_divider_top&quot;:&quot;mountains&quot;,&quot;background_background&quot;:&quot;classic&quot;}\">\n\t\t\t\t\t<div class=\"elementor-shape elementor-shape-top\" aria-hidden=\"true\" data-negative=\"false\">\n\t\t\t<svg xmlns=\"http:\/\/www.w3.org\/2000\/svg\" viewbox=\"0 0 1000 100\" preserveaspectratio=\"none\">\n\t<path class=\"elementor-shape-fill\" opacity=\"0.33\" d=\"M473,67.3c-203.9,88.3-263.1-34-320.3,0C66,119.1,0,59.7,0,59.7V0h1000v59.7 c0,0-62.1,26.1-94.9,29.3c-32.8,3.3-62.8-12.3-75.8-22.1C806,49.6,745.3,8.7,694.9,4.7S492.4,59,473,67.3z\"\/>\n\t<path class=\"elementor-shape-fill\" opacity=\"0.66\" d=\"M734,67.3c-45.5,0-77.2-23.2-129.1-39.1c-28.6-8.7-150.3-10.1-254,39.1 s-91.7-34.4-149.2,0C115.7,118.3,0,39.8,0,39.8V0h1000v36.5c0,0-28.2-18.5-92.1-18.5C810.2,18.1,775.7,67.3,734,67.3z\"\/>\n\t<path class=\"elementor-shape-fill\" d=\"M766.1,28.9c-200-57.5-266,65.5-395.1,19.5C242,1.8,242,5.4,184.8,20.6C128,35.8,132.3,44.9,89.9,52.5C28.6,63.7,0,0,0,0 h1000c0,0-9.9,40.9-83.6,48.1S829.6,47,766.1,28.9z\"\/>\n<\/svg>\t\t<\/div>\n\t\t\t\t\t<div class=\"elementor-container elementor-column-gap-default\">\n\t\t\t\t\t<div class=\"elementor-column elementor-col-100 elementor-top-column elementor-element elementor-element-72740e3\" data-id=\"72740e3\" data-element_type=\"column\" data-e-type=\"column\">\n\t\t\t<div class=\"elementor-widget-wrap elementor-element-populated\">\n\t\t\t\t\t\t<div class=\"elementor-element elementor-element-6aa0fc4 elementor-widget elementor-widget-spacer\" data-id=\"6aa0fc4\" data-element_type=\"widget\" data-e-type=\"widget\" data-widget_type=\"spacer.default\">\n\t\t\t\t\t\t\t<div class=\"elementor-spacer\">\n\t\t\t<div class=\"elementor-spacer-inner\"><\/div>\n\t\t<\/div>\n\t\t\t\t\t\t<\/div>\n\t\t\t\t\t<\/div>\n\t\t<\/div>\n\t\t\t\t\t<\/div>\n\t\t<\/section>\n\t\t\t\t<section class=\"elementor-section elementor-top-section elementor-element elementor-element-2835ffa elementor-section-boxed elementor-section-height-default elementor-section-height-default\" data-id=\"2835ffa\" data-element_type=\"section\" data-e-type=\"section\" data-settings=\"{&quot;background_background&quot;:&quot;classic&quot;}\">\n\t\t\t\t\t\t<div class=\"elementor-container elementor-column-gap-default\">\n\t\t\t\t\t<div class=\"elementor-column elementor-col-100 elementor-top-column elementor-element elementor-element-306c91b\" data-id=\"306c91b\" data-element_type=\"column\" data-e-type=\"column\">\n\t\t\t<div class=\"elementor-widget-wrap elementor-element-populated\">\n\t\t\t\t\t\t<div class=\"elementor-element elementor-element-b9e49c9 elementor-widget elementor-widget-heading\" data-id=\"b9e49c9\" data-element_type=\"widget\" data-e-type=\"widget\" data-widget_type=\"heading.default\">\n\t\t\t\t\t<h2 class=\"elementor-heading-title elementor-size-default\">Shipping costs within Germany<\/h2>\t\t\t\t<\/div>\n\t\t\t\t<div class=\"elementor-element elementor-element-3b0435c elementor-widget elementor-widget-text-editor\" data-id=\"3b0435c\" data-element_type=\"widget\" data-e-type=\"widget\" data-widget_type=\"text-editor.default\">\n\t\t\t\t\t\t\t\t\t<table><tbody><tr><th>Value of the order<\/th><th>Shipping costs<\/th><\/tr><tr><td>up to 19,99 EUR<\/td><td>3,99 EUR<\/td><\/tr><tr><td>from 20,00 EUR<\/td><td><strong>free of charge<\/strong><\/td><\/tr><\/tbody><\/table>\t\t\t\t\t\t\t\t<\/div>\n\t\t\t\t<div class=\"elementor-element elementor-element-6025ad6 elementor-widget elementor-widget-text-editor\" data-id=\"6025ad6\" data-element_type=\"widget\" data-e-type=\"widget\" data-widget_type=\"text-editor.default\">\n\t\t\t\t\t\t\t\t\t<p>\u2139 <br \/>We dispatch your order daily (Mon - Sat) with DHL as a small parcel.<br \/>This means you receive your consignment prioritised and quickly, including a tracking number - usually straightforwardly in your letterbox.<\/p>\t\t\t\t\t\t\t\t<\/div>\n\t\t\t\t\t<\/div>\n\t\t<\/div>\n\t\t\t\t\t<\/div>\n\t\t<\/section>\n\t\t\t\t<section class=\"elementor-section elementor-top-section elementor-element elementor-element-827a1c4 elementor-section-boxed elementor-section-height-default elementor-section-height-default\" data-id=\"827a1c4\" data-element_type=\"section\" data-e-type=\"section\" data-settings=\"{&quot;background_background&quot;:&quot;classic&quot;}\">\n\t\t\t\t\t\t<div class=\"elementor-container elementor-column-gap-default\">\n\t\t\t\t\t<div class=\"elementor-column elementor-col-100 elementor-top-column elementor-element elementor-element-9a92c7b\" data-id=\"9a92c7b\" data-element_type=\"column\" data-e-type=\"column\">\n\t\t\t<div class=\"elementor-widget-wrap elementor-element-populated\">\n\t\t\t\t\t\t<div class=\"elementor-element elementor-element-bfb3ee5 elementor-widget elementor-widget-heading\" data-id=\"bfb3ee5\" data-element_type=\"widget\" data-e-type=\"widget\" data-widget_type=\"heading.default\">\n\t\t\t\t\t<h2 class=\"elementor-heading-title elementor-size-default\">Shipping costs within the European Union<\/h2>\t\t\t\t<\/div>\n\t\t\t\t<div class=\"elementor-element elementor-element-21f1b5b elementor-widget elementor-widget-text-editor\" data-id=\"21f1b5b\" data-element_type=\"widget\" data-e-type=\"widget\" data-widget_type=\"text-editor.default\">\n\t\t\t\t\t\t\t\t\t<p>Belgium, Bulgaria, Denmark, Estonia, Finland, France, Greece, Ireland, Italy, Croatia, Latvia, Lithuania, Luxembourg, Malta, Netherlands, Poland, Portugal, Romania, Sweden, Slovakia, Slovenia, Spain, Czech Republic, Hungary, Cyprus, Austria.<\/p>\t\t\t\t\t\t\t\t<\/div>\n\t\t\t\t<div class=\"elementor-element elementor-element-c754b16 elementor-widget elementor-widget-text-editor\" data-id=\"c754b16\" data-element_type=\"widget\" data-e-type=\"widget\" data-widget_type=\"text-editor.default\">\n\t\t\t\t\t\t\t\t\t<table><tbody><tr><th>Value of the order<\/th><th>Shipping costs<\/th><\/tr><tr><td>up to 38,99 EUR<\/td><td>5,99 EUR<\/td><\/tr><tr><td>from 39,00 EUR<\/td><td><strong>free of charge<\/strong><\/td><\/tr><\/tbody><\/table>\t\t\t\t\t\t\t\t<\/div>\n\t\t\t\t<div class=\"elementor-element elementor-element-96a5837 elementor-widget elementor-widget-text-editor\" data-id=\"96a5837\" data-element_type=\"widget\" data-e-type=\"widget\" data-widget_type=\"text-editor.default\">\n\t\t\t\t\t\t\t\t\t<p>\u2139 <br \/>We dispatch your order daily (Mon - Sat) with DHL Warenpost International Premium.<br \/>This means you will receive your consignment prioritised and quickly, including a tracking number.<\/p>\t\t\t\t\t\t\t\t<\/div>\n\t\t\t\t\t<\/div>\n\t\t<\/div>\n\t\t\t\t\t<\/div>\n\t\t<\/section>\n\t\t\t\t<section class=\"elementor-section elementor-top-section elementor-element elementor-element-6a1d14a elementor-section-boxed elementor-section-height-default elementor-section-height-default\" data-id=\"6a1d14a\" data-element_type=\"section\" data-e-type=\"section\" data-settings=\"{&quot;background_background&quot;:&quot;classic&quot;}\">\n\t\t\t\t\t\t<div class=\"elementor-container elementor-column-gap-default\">\n\t\t\t\t\t<div class=\"elementor-column elementor-col-100 elementor-top-column elementor-element elementor-element-4c155b3\" data-id=\"4c155b3\" data-element_type=\"column\" data-e-type=\"column\">\n\t\t\t<div class=\"elementor-widget-wrap elementor-element-populated\">\n\t\t\t\t\t\t<div class=\"elementor-element elementor-element-154aa82 elementor-widget elementor-widget-heading\" data-id=\"154aa82\" data-element_type=\"widget\" data-e-type=\"widget\" data-widget_type=\"heading.default\">\n\t\t\t\t\t<h2 class=\"elementor-heading-title elementor-size-default\">Shipping costs outside the European Union<\/h2>\t\t\t\t<\/div>\n\t\t\t\t<div class=\"elementor-element elementor-element-6eec9fa elementor-widget elementor-widget-text-editor\" data-id=\"6eec9fa\" data-element_type=\"widget\" data-e-type=\"widget\" data-widget_type=\"text-editor.default\">\n\t\t\t\t\t\t\t\t\t<p>Switzerland and the United Kingdom<br><\/p>\t\t\t\t\t\t\t\t<\/div>\n\t\t\t\t<div class=\"elementor-element elementor-element-e9cf3fd elementor-widget elementor-widget-text-editor\" data-id=\"e9cf3fd\" data-element_type=\"widget\" data-e-type=\"widget\" data-widget_type=\"text-editor.default\">\n\t\t\t\t\t\t\t\t\t<table><tbody><tr><th>Value of the order<\/th><th>Shipping costs<\/th><\/tr><tr><td>up to 59,99 EUR<\/td><td>16,99 EUR<\/td><\/tr><tr><td>from 60,00 EUR<\/td><td><strong>free of charge<\/strong><\/td><\/tr><\/tbody><\/table>\t\t\t\t\t\t\t\t<\/div>\n\t\t\t\t<div class=\"elementor-element elementor-element-a2f2513 elementor-widget elementor-widget-text-editor\" data-id=\"a2f2513\" data-element_type=\"widget\" data-e-type=\"widget\" data-widget_type=\"text-editor.default\">\n\t\t\t\t\t\t\t\t\t<p>\u2139 <br \/>We dispatch your order daily (Mon - Sat) with DHL Warenpost International Premium.<br \/>This means you will receive your consignment prioritised and quickly, including a tracking number.<\/p>\t\t\t\t\t\t\t\t<\/div>\n\t\t\t\t<div class=\"elementor-element elementor-element-3be175a elementor-widget elementor-widget-heading\" data-id=\"3be175a\" data-element_type=\"widget\" data-e-type=\"widget\" data-widget_type=\"heading.default\">\n\t\t\t\t\t<h2 class=\"elementor-heading-title elementor-size-default\">Payment methods<\/h2>\t\t\t\t<\/div>\n\t\t\t\t<div class=\"elementor-element elementor-element-15a4583 elementor-widget elementor-widget-text-editor\" data-id=\"15a4583\" data-element_type=\"widget\" data-e-type=\"widget\" data-widget_type=\"text-editor.default\">\n\t\t\t\t\t\t\t\t\t<p>We currently offer the following payment methods for your order on Orient Kontor:<\/p><ul><li><b>Prepayment <\/b>by bank transfer to our bank account<\/li><li><b>PayPal <\/b>(Direct debit and credit card payments are also possible without a PayPal customer account)<\/li><li><b>Credit card <\/b>(managed and processed via PayPal)<\/li><li><b>Purchase on account <\/b>(Pay within 30 days)<\/li><li><strong>Google Pay<\/strong> - via PayPal<\/li><li><strong>Apple Pay<\/strong> - via PayPal<\/li><\/ul><p>\u00a0<\/p><p>If you have any further questions or prefer a different shipping or payment method <a href=\"https:\/\/orient-kontor.com\/en\/#kontakt\">please contact us<\/a>. You can also find further information in our <a href=\"https:\/\/orient-kontor.com\/en\/agb\/\">General Terms and Conditions<\/a>.<\/p>\t\t\t\t\t\t\t\t<\/div>\n\t\t\t\t\t<\/div>\n\t\t<\/div>\n\t\t\t\t\t<\/div>\n\t\t<\/section>\n\t\t\t\t<\/div>","protected":false},"excerpt":{"rendered":"<p>\u00dcbersicht \u00fcber unsere Versandkosten und Zahlarten Versandkosten innerhalb Deutschlands Warenwert der Bestellung Versandkosten bis 19,99 EUR 3,99 EUR ab 20,00 EUR kostenfrei \u2139 Wir versenden Ihre Bestellung t\u00e4glich (Mo. &#8211; Sa.) mit DHL als Kleinpaket.Damit erhalten Sie Ihre Sendung priorisiert und schnell inkl. Tracking-Nummer &#8211; meist unkompliziert in den Briefkasten. Versandkosten innerhalb der europ\u00e4ischen Union [&hellip;]<\/p>\n","protected":false},"author":2,"featured_media":0,"parent":0,"menu_order":0,"comment_status":"closed","ping_status":"closed","template":"","meta":{"footnotes":""},"class_list":["post-1573","page","type-page","status-publish","hentry"],"yoast_head":"<!-- This site is optimized with the Yoast SEO plugin v27.4 - https:\/\/yoast.com\/product\/yoast-seo-wordpress\/ -->\n<title>Versand- und Zahlungsarten - Orient Kontor<\/title>\n<meta name=\"description\" content=\"\u00dcbersicht \u00fcber unsere Versandkosten und Zahlarten im Online-Shop von Orient-Kontor.com - Transparent und \u00fcbersichtlich.\" \/>\n<meta name=\"robots\" content=\"index, follow, max-snippet:-1, max-image-preview:large, max-video-preview:-1\" \/>\n<link rel=\"canonical\" href=\"https:\/\/orient-kontor.com\/en\/versand-zahlung\/\" \/>\n<meta property=\"og:locale\" content=\"en_GB\" \/>\n<meta property=\"og:type\" content=\"article\" \/>\n<meta property=\"og:title\" content=\"Versand- und Zahlungsarten - Orient Kontor\" \/>\n<meta property=\"og:description\" content=\"\u00dcbersicht \u00fcber unsere Versandkosten und Zahlarten im Online-Shop von Orient-Kontor.com - Transparent und \u00fcbersichtlich.\" \/>\n<meta property=\"og:url\" content=\"https:\/\/orient-kontor.com\/en\/versand-zahlung\/\" \/>\n<meta property=\"og:site_name\" content=\"Orient Kontor\" \/>\n<meta property=\"article:publisher\" content=\"https:\/\/www.facebook.com\/orientkontor\/\" \/>\n<meta property=\"article:modified_time\" content=\"2025-01-22T19:40:56+00:00\" \/>\n<meta name=\"twitter:card\" content=\"summary_large_image\" \/>\n<meta name=\"twitter:label1\" content=\"Estimated reading time\" \/>\n\t<meta name=\"twitter:data1\" content=\"2 minutes\" \/>\n<script type=\"application\/ld+json\" class=\"yoast-schema-graph\">{\"@context\":\"https:\\\/\\\/schema.org\",\"@graph\":[{\"@type\":\"WebPage\",\"@id\":\"https:\\\/\\\/orient-kontor.com\\\/versand-zahlung\\\/\",\"url\":\"https:\\\/\\\/orient-kontor.com\\\/versand-zahlung\\\/\",\"name\":\"Versand- und Zahlungsarten - Orient Kontor\",\"isPartOf\":{\"@id\":\"https:\\\/\\\/orient-kontor.com\\\/#website\"},\"datePublished\":\"2020-10-06T12:17:43+00:00\",\"dateModified\":\"2025-01-22T19:40:56+00:00\",\"description\":\"\u00dcbersicht \u00fcber unsere Versandkosten und Zahlarten im Online-Shop von Orient-Kontor.com - Transparent und \u00fcbersichtlich.\",\"breadcrumb\":{\"@id\":\"https:\\\/\\\/orient-kontor.com\\\/versand-zahlung\\\/#breadcrumb\"},\"inLanguage\":\"en-GB\",\"potentialAction\":[{\"@type\":\"ReadAction\",\"target\":[\"https:\\\/\\\/orient-kontor.com\\\/versand-zahlung\\\/\"]}]},{\"@type\":\"BreadcrumbList\",\"@id\":\"https:\\\/\\\/orient-kontor.com\\\/versand-zahlung\\\/#breadcrumb\",\"itemListElement\":[{\"@type\":\"ListItem\",\"position\":1,\"name\":\"Startseite\",\"item\":\"https:\\\/\\\/orient-kontor.com\\\/\"},{\"@type\":\"ListItem\",\"position\":2,\"name\":\"Versand- und Zahlungsarten\"}]},{\"@type\":\"WebSite\",\"@id\":\"https:\\\/\\\/orient-kontor.com\\\/#website\",\"url\":\"https:\\\/\\\/orient-kontor.com\\\/\",\"name\":\"Orient Kontor\",\"description\":\"\",\"publisher\":{\"@id\":\"https:\\\/\\\/orient-kontor.com\\\/#organization\"},\"potentialAction\":[{\"@type\":\"SearchAction\",\"target\":{\"@type\":\"EntryPoint\",\"urlTemplate\":\"https:\\\/\\\/orient-kontor.com\\\/?s={search_term_string}\"},\"query-input\":{\"@type\":\"PropertyValueSpecification\",\"valueRequired\":true,\"valueName\":\"search_term_string\"}}],\"inLanguage\":\"en-GB\"},{\"@type\":\"Organization\",\"@id\":\"https:\\\/\\\/orient-kontor.com\\\/#organization\",\"name\":\"Orient Kontor\",\"url\":\"https:\\\/\\\/orient-kontor.com\\\/\",\"logo\":{\"@type\":\"ImageObject\",\"inLanguage\":\"en-GB\",\"@id\":\"https:\\\/\\\/orient-kontor.com\\\/#\\\/schema\\\/logo\\\/image\\\/\",\"url\":\"https:\\\/\\\/orient-kontor.com\\\/wp-content\\\/uploads\\\/2020\\\/08\\\/orient-kontor-logo.png\",\"contentUrl\":\"https:\\\/\\\/orient-kontor.com\\\/wp-content\\\/uploads\\\/2020\\\/08\\\/orient-kontor-logo.png\",\"width\":800,\"height\":302,\"caption\":\"Orient Kontor\"},\"image\":{\"@id\":\"https:\\\/\\\/orient-kontor.com\\\/#\\\/schema\\\/logo\\\/image\\\/\"},\"sameAs\":[\"https:\\\/\\\/www.facebook.com\\\/orientkontor\\\/\",\"https:\\\/\\\/www.instagram.com\\\/orient_kontor\\\/\"]}]}<\/script>\n<!-- \/ Yoast SEO plugin. -->","yoast_head_json":{"title":"Versand- und Zahlungsarten - Orient Kontor","description":"\u00dcbersicht \u00fcber unsere Versandkosten und Zahlarten im Online-Shop von Orient-Kontor.com - Transparent und \u00fcbersichtlich.","robots":{"index":"index","follow":"follow","max-snippet":"max-snippet:-1","max-image-preview":"max-image-preview:large","max-video-preview":"max-video-preview:-1"},"canonical":"https:\/\/orient-kontor.com\/en\/versand-zahlung\/","og_locale":"en_GB","og_type":"article","og_title":"Versand- und Zahlungsarten - Orient Kontor","og_description":"\u00dcbersicht \u00fcber unsere Versandkosten und Zahlarten im Online-Shop von Orient-Kontor.com - Transparent und \u00fcbersichtlich.","og_url":"https:\/\/orient-kontor.com\/en\/versand-zahlung\/","og_site_name":"Orient Kontor","article_publisher":"https:\/\/www.facebook.com\/orientkontor\/","article_modified_time":"2025-01-22T19:40:56+00:00","twitter_card":"summary_large_image","twitter_misc":{"Estimated reading time":"2 minutes"},"schema":{"@context":"https:\/\/schema.org","@graph":[{"@type":"WebPage","@id":"https:\/\/orient-kontor.com\/versand-zahlung\/","url":"https:\/\/orient-kontor.com\/versand-zahlung\/","name":"Versand- und Zahlungsarten - Orient Kontor","isPartOf":{"@id":"https:\/\/orient-kontor.com\/#website"},"datePublished":"2020-10-06T12:17:43+00:00","dateModified":"2025-01-22T19:40:56+00:00","description":"\u00dcbersicht \u00fcber unsere Versandkosten und Zahlarten im Online-Shop von Orient-Kontor.com - Transparent und \u00fcbersichtlich.","breadcrumb":{"@id":"https:\/\/orient-kontor.com\/versand-zahlung\/#breadcrumb"},"inLanguage":"en-GB","potentialAction":[{"@type":"ReadAction","target":["https:\/\/orient-kontor.com\/versand-zahlung\/"]}]},{"@type":"BreadcrumbList","@id":"https:\/\/orient-kontor.com\/versand-zahlung\/#breadcrumb","itemListElement":[{"@type":"ListItem","position":1,"name":"Startseite","item":"https:\/\/orient-kontor.com\/"},{"@type":"ListItem","position":2,"name":"Versand- und Zahlungsarten"}]},{"@type":"WebSite","@id":"https:\/\/orient-kontor.com\/#website","url":"https:\/\/orient-kontor.com\/","name":"Orient Kontor","description":"","publisher":{"@id":"https:\/\/orient-kontor.com\/#organization"},"potentialAction":[{"@type":"SearchAction","target":{"@type":"EntryPoint","urlTemplate":"https:\/\/orient-kontor.com\/?s={search_term_string}"},"query-input":{"@type":"PropertyValueSpecification","valueRequired":true,"valueName":"search_term_string"}}],"inLanguage":"en-GB"},{"@type":"Organization","@id":"https:\/\/orient-kontor.com\/#organization","name":"Orient Kontor","url":"https:\/\/orient-kontor.com\/","logo":{"@type":"ImageObject","inLanguage":"en-GB","@id":"https:\/\/orient-kontor.com\/#\/schema\/logo\/image\/","url":"https:\/\/orient-kontor.com\/wp-content\/uploads\/2020\/08\/orient-kontor-logo.png","contentUrl":"https:\/\/orient-kontor.com\/wp-content\/uploads\/2020\/08\/orient-kontor-logo.png","width":800,"height":302,"caption":"Orient Kontor"},"image":{"@id":"https:\/\/orient-kontor.com\/#\/schema\/logo\/image\/"},"sameAs":["https:\/\/www.facebook.com\/orientkontor\/","https:\/\/www.instagram.com\/orient_kontor\/"]}]}},"_links":{"self":[{"href":"https:\/\/orient-kontor.com\/en\/wp-json\/wp\/v2\/pages\/1573","targetHints":{"allow":["GET"]}}],"collection":[{"href":"https:\/\/orient-kontor.com\/en\/wp-json\/wp\/v2\/pages"}],"about":[{"href":"https:\/\/orient-kontor.com\/en\/wp-json\/wp\/v2\/types\/page"}],"author":[{"embeddable":true,"href":"https:\/\/orient-kontor.com\/en\/wp-json\/wp\/v2\/users\/2"}],"replies":[{"embeddable":true,"href":"https:\/\/orient-kontor.com\/en\/wp-json\/wp\/v2\/comments?post=1573"}],"version-history":[{"count":0,"href":"https:\/\/orient-kontor.com\/en\/wp-json\/wp\/v2\/pages\/1573\/revisions"}],"wp:attachment":[{"href":"https:\/\/orient-kontor.com\/en\/wp-json\/wp\/v2\/media?parent=1573"}],"curies":[{"name":"wp","href":"https:\/\/api.w.org\/{rel}","templated":true}]}}