{"id":1572,"date":"2020-10-06T14:17:43","date_gmt":"2020-10-06T12:17:43","guid":{"rendered":"https:\/\/orient-kontor.com\/widerrufsbelehrung\/"},"modified":"2022-09-01T16:12:42","modified_gmt":"2022-09-01T14:12:42","slug":"widerrufsbelehrung","status":"publish","type":"page","link":"https:\/\/orient-kontor.com\/en\/widerrufsbelehrung\/","title":{"rendered":"Widerrufsbelehrung"},"content":{"rendered":"<div data-elementor-type=\"wp-page\" data-elementor-id=\"1572\" class=\"elementor elementor-1572\" data-elementor-post-type=\"page\">\n\t\t\t\t\t\t<section class=\"elementor-section elementor-top-section elementor-element elementor-element-384c489 elementor-section-boxed elementor-section-height-default elementor-section-height-default\" data-id=\"384c489\" data-element_type=\"section\" data-e-type=\"section\" data-settings=\"{&quot;background_background&quot;:&quot;classic&quot;}\">\n\t\t\t\t\t\t<div class=\"elementor-container elementor-column-gap-default\">\n\t\t\t\t\t<div class=\"elementor-column elementor-col-100 elementor-top-column elementor-element elementor-element-31a01e3\" data-id=\"31a01e3\" data-element_type=\"column\" data-e-type=\"column\" data-settings=\"{&quot;background_background&quot;:&quot;classic&quot;}\">\n\t\t\t<div class=\"elementor-widget-wrap elementor-element-populated\">\n\t\t\t\t\t\t<div class=\"elementor-element elementor-element-9bf0662 elementor-widget elementor-widget-spacer\" data-id=\"9bf0662\" data-element_type=\"widget\" data-e-type=\"widget\" data-widget_type=\"spacer.default\">\n\t\t\t\t\t\t\t<div class=\"elementor-spacer\">\n\t\t\t<div class=\"elementor-spacer-inner\"><\/div>\n\t\t<\/div>\n\t\t\t\t\t\t<\/div>\n\t\t\t\t<div class=\"elementor-element elementor-element-0ed041a elementor-widget elementor-widget-heading\" data-id=\"0ed041a\" data-element_type=\"widget\" data-e-type=\"widget\" data-widget_type=\"heading.default\">\n\t\t\t\t\t<h1 class=\"elementor-heading-title elementor-size-default\">Widerrufsbelehrung<\/h1>\t\t\t\t<\/div>\n\t\t\t\t<div class=\"elementor-element elementor-element-4e00b92 elementor-widget elementor-widget-text-editor\" data-id=\"4e00b92\" data-element_type=\"widget\" data-e-type=\"widget\" data-widget_type=\"text-editor.default\">\n\t\t\t\t\t\t\t\t\t<p>Wenn Sie Verbraucher sind (also eine nat\u00fcrliche Person, die die Bestellung zu einem Zweck abgibt, der weder Ihrer gewerblichen oder selbst\u00e4ndigen beruflichen T\u00e4tigkeit zugerechnet werden kann), steht Ihnen nach Ma\u00dfgabe der gesetzlichen Bestimmungen ein Widerrufsrecht zu.<\/p><p>Die Widerrufsfrist betr\u00e4gt vierzehn Tage ab dem Tag an dem Sie oder ein von Ihnen benannter Dritter, der nicht der Bef\u00f6rderer ist, die Waren in Besitz genommen haben bzw. hat.<\/p><p>Um Ihr Widerrufsrecht auszu\u00fcben, m\u00fcssen Sie uns (Orient Kontor (orient-kontor.com), Inhaberin Yasmin Goudarzi, Hauptstra\u00dfe 43, 19071 Dalberg) mittels einer eindeutigen Erkl\u00e4rung (zB. ein mit der Post versandter Brief oder E-Mail ) \u00fcber Ihren Entschluss, diesen Vertrag zu widerrufen, informieren. Machen Sie von dieser M\u00f6glichkeit Gebrauch, so werden wir Ihnen unverz\u00fcglich (zB per E-Mail) eine Best\u00e4tigung \u00fcber den Eingang eines solchen Widerrufs \u00fcbermitteln.<\/p><p>Zur Wahrung der Widerrufsfrist reicht es aus, dass Sie die Mitteilung \u00fcber die Aus\u00fcbung des Widerrufsrechts vor Ablauf der Widerrufsfrist absenden.<\/p><p><b>Folgen des Widerrufs<\/b><\/p><p>Wenn Sie diesen Vertrag widerrufen, haben wir Ihnen alle Zahlungen, die wir von Ihnen erhalten haben, einschlie\u00dflich der Lieferkosten (mit Ausnahme der zus\u00e4tzlichen Kosten, die sich daraus ergeben, dass Sie eine andere Art der Lieferung als die von uns angebotene, g\u00fcnstigste Standardlieferung gew\u00e4hlt haben), unverz\u00fcglich und sp\u00e4testens binnen vierzehn Tagen ab dem Tag zur\u00fcckzuzahlen, an dem die Mitteilung \u00fcber Ihren Widerruf dieses Vertrags bei uns eingegangen ist. F\u00fcr diese R\u00fcckzahlung verwenden wir dasselbe Zahlungsmittel, das Sie bei der urspr\u00fcnglichen Transaktion eingesetzt haben, es sei denn, mit Ihnen wurde ausdr\u00fccklich etwas anderes vereinbart; in keinem Fall werden Ihnen wegen dieser R\u00fcckzahlung Entgelte berechnet. Wir k\u00f6nnen die R\u00fcckzahlung verweigern, bis wir die Waren wieder zur\u00fcckerhalten haben oder bis Sie den Nachweis erbracht haben, dass Sie die Waren zur\u00fcckgesandt haben, je nachdem, welches der fr\u00fchere Zeitpunkt ist.<\/p><p>Sie haben die Waren unverz\u00fcglich und in jedem Fall sp\u00e4testens binnen vierzehn Tagen ab dem Tag, an dem Sie uns \u00fcber den Widerruf dieses Vertrages unterrichten, an uns oder an (Orient Kontor (orient-kontor.com), Inhaberin Yasmin Goudarzi, Hauptstra\u00dfe 43, 19071 Dalberg) zur\u00fcckzusenden oder zu \u00fcbergeben. Die Frist ist gewahrt, wenn Sie die Waren vor Ablauf der Frist von vierzehn Tagen absenden.<\/p><p>Sie tragen die unmittelbaren Kosten der R\u00fccksendung der Waren.<\/p><p>Sie m\u00fcssen f\u00fcr einen etwaigen Wertverlust der Waren nur aufkommen, wenn dieser Wertverlust auf einen zur Pr\u00fcfung der Beschaffenheit, Eigenschaften und Funktionsweise der Waren nicht notwendigen Umgang mit ihnen zur\u00fcckzuf\u00fchren ist.<\/p>\t\t\t\t\t\t\t\t<\/div>\n\t\t\t\t\t<\/div>\n\t\t<\/div>\n\t\t\t\t\t<\/div>\n\t\t<\/section>\n\t\t\t\t<\/div>","protected":false},"excerpt":{"rendered":"<p>Widerrufsbelehrung Wenn Sie Verbraucher sind (also eine nat\u00fcrliche Person, die die Bestellung zu einem Zweck abgibt, der weder Ihrer gewerblichen oder selbst\u00e4ndigen beruflichen T\u00e4tigkeit zugerechnet werden kann), steht Ihnen nach Ma\u00dfgabe der gesetzlichen Bestimmungen ein Widerrufsrecht zu. Die Widerrufsfrist betr\u00e4gt vierzehn Tage ab dem Tag an dem Sie oder ein von Ihnen benannter Dritter, der [&hellip;]<\/p>\n","protected":false},"author":2,"featured_media":0,"parent":0,"menu_order":0,"comment_status":"closed","ping_status":"closed","template":"","meta":{"footnotes":""},"class_list":["post-1572","page","type-page","status-publish","hentry"],"yoast_head":"<!-- This site is optimized with the Yoast SEO plugin v27.4 - https:\/\/yoast.com\/product\/yoast-seo-wordpress\/ -->\n<title>Widerrufsbelehrung - Orient Kontor<\/title>\n<meta name=\"robots\" content=\"noindex, nofollow\" \/>\n<meta property=\"og:locale\" content=\"en_GB\" \/>\n<meta property=\"og:type\" content=\"article\" \/>\n<meta property=\"og:title\" content=\"Widerrufsbelehrung - Orient Kontor\" \/>\n<meta property=\"og:description\" content=\"Widerrufsbelehrung Wenn Sie Verbraucher sind (also eine nat\u00fcrliche Person, die die Bestellung zu einem Zweck abgibt, der weder Ihrer gewerblichen oder selbst\u00e4ndigen beruflichen T\u00e4tigkeit zugerechnet werden kann), steht Ihnen nach Ma\u00dfgabe der gesetzlichen Bestimmungen ein Widerrufsrecht zu. Die Widerrufsfrist betr\u00e4gt vierzehn Tage ab dem Tag an dem Sie oder ein von Ihnen benannter Dritter, der [&hellip;]\" \/>\n<meta property=\"og:url\" content=\"https:\/\/orient-kontor.com\/en\/widerrufsbelehrung\/\" \/>\n<meta property=\"og:site_name\" content=\"Orient Kontor\" \/>\n<meta property=\"article:publisher\" content=\"https:\/\/www.facebook.com\/orientkontor\/\" \/>\n<meta property=\"article:modified_time\" content=\"2022-09-01T14:12:42+00:00\" \/>\n<meta name=\"twitter:card\" content=\"summary_large_image\" \/>\n<meta name=\"twitter:label1\" content=\"Estimated reading time\" \/>\n\t<meta name=\"twitter:data1\" content=\"2 minutes\" \/>\n<script type=\"application\/ld+json\" class=\"yoast-schema-graph\">{\"@context\":\"https:\\\/\\\/schema.org\",\"@graph\":[{\"@type\":\"WebPage\",\"@id\":\"https:\\\/\\\/orient-kontor.com\\\/widerrufsbelehrung\\\/\",\"url\":\"https:\\\/\\\/orient-kontor.com\\\/widerrufsbelehrung\\\/\",\"name\":\"Widerrufsbelehrung - Orient Kontor\",\"isPartOf\":{\"@id\":\"https:\\\/\\\/orient-kontor.com\\\/#website\"},\"datePublished\":\"2020-10-06T12:17:43+00:00\",\"dateModified\":\"2022-09-01T14:12:42+00:00\",\"breadcrumb\":{\"@id\":\"https:\\\/\\\/orient-kontor.com\\\/widerrufsbelehrung\\\/#breadcrumb\"},\"inLanguage\":\"en-GB\",\"potentialAction\":[{\"@type\":\"ReadAction\",\"target\":[\"https:\\\/\\\/orient-kontor.com\\\/widerrufsbelehrung\\\/\"]}]},{\"@type\":\"BreadcrumbList\",\"@id\":\"https:\\\/\\\/orient-kontor.com\\\/widerrufsbelehrung\\\/#breadcrumb\",\"itemListElement\":[{\"@type\":\"ListItem\",\"position\":1,\"name\":\"Startseite\",\"item\":\"https:\\\/\\\/orient-kontor.com\\\/\"},{\"@type\":\"ListItem\",\"position\":2,\"name\":\"Widerrufsbelehrung\"}]},{\"@type\":\"WebSite\",\"@id\":\"https:\\\/\\\/orient-kontor.com\\\/#website\",\"url\":\"https:\\\/\\\/orient-kontor.com\\\/\",\"name\":\"Orient Kontor\",\"description\":\"\",\"publisher\":{\"@id\":\"https:\\\/\\\/orient-kontor.com\\\/#organization\"},\"potentialAction\":[{\"@type\":\"SearchAction\",\"target\":{\"@type\":\"EntryPoint\",\"urlTemplate\":\"https:\\\/\\\/orient-kontor.com\\\/?s={search_term_string}\"},\"query-input\":{\"@type\":\"PropertyValueSpecification\",\"valueRequired\":true,\"valueName\":\"search_term_string\"}}],\"inLanguage\":\"en-GB\"},{\"@type\":\"Organization\",\"@id\":\"https:\\\/\\\/orient-kontor.com\\\/#organization\",\"name\":\"Orient Kontor\",\"url\":\"https:\\\/\\\/orient-kontor.com\\\/\",\"logo\":{\"@type\":\"ImageObject\",\"inLanguage\":\"en-GB\",\"@id\":\"https:\\\/\\\/orient-kontor.com\\\/#\\\/schema\\\/logo\\\/image\\\/\",\"url\":\"https:\\\/\\\/orient-kontor.com\\\/wp-content\\\/uploads\\\/2020\\\/08\\\/orient-kontor-logo.png\",\"contentUrl\":\"https:\\\/\\\/orient-kontor.com\\\/wp-content\\\/uploads\\\/2020\\\/08\\\/orient-kontor-logo.png\",\"width\":800,\"height\":302,\"caption\":\"Orient Kontor\"},\"image\":{\"@id\":\"https:\\\/\\\/orient-kontor.com\\\/#\\\/schema\\\/logo\\\/image\\\/\"},\"sameAs\":[\"https:\\\/\\\/www.facebook.com\\\/orientkontor\\\/\",\"https:\\\/\\\/www.instagram.com\\\/orient_kontor\\\/\"]}]}<\/script>\n<!-- \/ Yoast SEO plugin. -->","yoast_head_json":{"title":"Widerrufsbelehrung - Orient Kontor","robots":{"index":"noindex","follow":"nofollow"},"og_locale":"en_GB","og_type":"article","og_title":"Widerrufsbelehrung - Orient Kontor","og_description":"Widerrufsbelehrung Wenn Sie Verbraucher sind (also eine nat\u00fcrliche Person, die die Bestellung zu einem Zweck abgibt, der weder Ihrer gewerblichen oder selbst\u00e4ndigen beruflichen T\u00e4tigkeit zugerechnet werden kann), steht Ihnen nach Ma\u00dfgabe der gesetzlichen Bestimmungen ein Widerrufsrecht zu. Die Widerrufsfrist betr\u00e4gt vierzehn Tage ab dem Tag an dem Sie oder ein von Ihnen benannter Dritter, der [&hellip;]","og_url":"https:\/\/orient-kontor.com\/en\/widerrufsbelehrung\/","og_site_name":"Orient Kontor","article_publisher":"https:\/\/www.facebook.com\/orientkontor\/","article_modified_time":"2022-09-01T14:12:42+00:00","twitter_card":"summary_large_image","twitter_misc":{"Estimated reading time":"2 minutes"},"schema":{"@context":"https:\/\/schema.org","@graph":[{"@type":"WebPage","@id":"https:\/\/orient-kontor.com\/widerrufsbelehrung\/","url":"https:\/\/orient-kontor.com\/widerrufsbelehrung\/","name":"Widerrufsbelehrung - Orient Kontor","isPartOf":{"@id":"https:\/\/orient-kontor.com\/#website"},"datePublished":"2020-10-06T12:17:43+00:00","dateModified":"2022-09-01T14:12:42+00:00","breadcrumb":{"@id":"https:\/\/orient-kontor.com\/widerrufsbelehrung\/#breadcrumb"},"inLanguage":"en-GB","potentialAction":[{"@type":"ReadAction","target":["https:\/\/orient-kontor.com\/widerrufsbelehrung\/"]}]},{"@type":"BreadcrumbList","@id":"https:\/\/orient-kontor.com\/widerrufsbelehrung\/#breadcrumb","itemListElement":[{"@type":"ListItem","position":1,"name":"Startseite","item":"https:\/\/orient-kontor.com\/"},{"@type":"ListItem","position":2,"name":"Widerrufsbelehrung"}]},{"@type":"WebSite","@id":"https:\/\/orient-kontor.com\/#website","url":"https:\/\/orient-kontor.com\/","name":"Orient Kontor","description":"","publisher":{"@id":"https:\/\/orient-kontor.com\/#organization"},"potentialAction":[{"@type":"SearchAction","target":{"@type":"EntryPoint","urlTemplate":"https:\/\/orient-kontor.com\/?s={search_term_string}"},"query-input":{"@type":"PropertyValueSpecification","valueRequired":true,"valueName":"search_term_string"}}],"inLanguage":"en-GB"},{"@type":"Organization","@id":"https:\/\/orient-kontor.com\/#organization","name":"Orient Kontor","url":"https:\/\/orient-kontor.com\/","logo":{"@type":"ImageObject","inLanguage":"en-GB","@id":"https:\/\/orient-kontor.com\/#\/schema\/logo\/image\/","url":"https:\/\/orient-kontor.com\/wp-content\/uploads\/2020\/08\/orient-kontor-logo.png","contentUrl":"https:\/\/orient-kontor.com\/wp-content\/uploads\/2020\/08\/orient-kontor-logo.png","width":800,"height":302,"caption":"Orient Kontor"},"image":{"@id":"https:\/\/orient-kontor.com\/#\/schema\/logo\/image\/"},"sameAs":["https:\/\/www.facebook.com\/orientkontor\/","https:\/\/www.instagram.com\/orient_kontor\/"]}]}},"_links":{"self":[{"href":"https:\/\/orient-kontor.com\/en\/wp-json\/wp\/v2\/pages\/1572","targetHints":{"allow":["GET"]}}],"collection":[{"href":"https:\/\/orient-kontor.com\/en\/wp-json\/wp\/v2\/pages"}],"about":[{"href":"https:\/\/orient-kontor.com\/en\/wp-json\/wp\/v2\/types\/page"}],"author":[{"embeddable":true,"href":"https:\/\/orient-kontor.com\/en\/wp-json\/wp\/v2\/users\/2"}],"replies":[{"embeddable":true,"href":"https:\/\/orient-kontor.com\/en\/wp-json\/wp\/v2\/comments?post=1572"}],"version-history":[{"count":0,"href":"https:\/\/orient-kontor.com\/en\/wp-json\/wp\/v2\/pages\/1572\/revisions"}],"wp:attachment":[{"href":"https:\/\/orient-kontor.com\/en\/wp-json\/wp\/v2\/media?parent=1572"}],"curies":[{"name":"wp","href":"https:\/\/api.w.org\/{rel}","templated":true}]}}